{"id":167,"date":"2024-03-17T16:26:56","date_gmt":"2024-03-17T16:26:56","guid":{"rendered":"https:\/\/www.moot.ch\/2025\/?page_id=167"},"modified":"2024-12-18T08:51:12","modified_gmt":"2024-12-18T08:51:12","slug":"kosten","status":"publish","type":"page","link":"https:\/\/www.moot.ch\/2025\/kosten\/","title":{"rendered":"Kosten"},"content":{"rendered":"\n<div class=\"wp-block-columns alignwide is-layout-flex wp-container-core-columns-is-layout-7fc3d43a wp-block-columns-is-layout-flex\">\n<div class=\"wp-block-column is-layout-flow wp-block-column-is-layout-flow\">\n<h2 class=\"wp-block-heading\">Kosten<\/h2>\n\n\n\n<p><strong>Die Schweizer Delegation reist gemeinsam nach Portugal, verbringt dort ein unvergessliches Vorlager und reist nach dem Moot wieder gemeinsam nach Hause. Die Teilnehmenden erhalten ein Gesamtpaket und m\u00fcssen sich weder um Reise, Unterkunft noch Verpflegung k\u00fcmmern.<\/strong> <strong>F\u00fcr Helfende (IST) ist die Teilnahme 200 Franken g\u00fcnstiger, da sie keinen \u00abPath\u00bb besuchen. <\/strong><\/p>\n\n\n\n<div style=\"height:100px\" aria-hidden=\"true\" class=\"wp-block-spacer\"><\/div>\n<\/div>\n<\/div>\n\n\n\n<div class=\"wp-block-columns alignwide is-layout-flex wp-container-core-columns-is-layout-7fc3d43a wp-block-columns-is-layout-flex\">\n<div class=\"wp-block-column is-layout-flow wp-block-column-is-layout-flow\" style=\"flex-basis:33.33%\">\n<p>Sollte jemand alleine an- und abreisen wollen oder nicht am Vorlager teilnehmen, ist das m\u00f6glich. Aber denkt daran: Die Reisekosten vor und nach dem Moot werden aufgrund der Nachfrage hoch sein.<\/p>\n\n\n\n<p>Informationen zu den einzelnen Programmpunkten gibt es <a href=\"https:\/\/www.moot.ch\/2025\/programm\/\" data-type=\"page\" data-id=\"47\">hier<\/a>.<\/p>\n\n\n\n<p><\/p>\n\n\n\n<p><strong>Finanzielle Unterst\u00fctzung<\/strong><\/p>\n\n\n\n<p>Niemand soll aus finanziellen Gr\u00fcnden zu Hause bleiben! Wenn der Lagerbeitrag ein Hindernis darstellen, melde dich bei <a href=\"mailto:info@moot.ch\">info@moot.ch<\/a>. In einem ersten Schritt schauen wir, ob wir die Ratenzahlungen so anpassen k\u00f6nnen, dass der Finanzdruck sink. Sollte dies keine Erleichterung bringen, besteht die M\u00f6glichkeit, dass der Verein MoJaVe finanzielle Unterst\u00fctzung leistet.<\/p>\n\n\n\n<p><\/p>\n<\/div>\n\n\n\n<div class=\"wp-block-column table-wrapper is-layout-flow wp-block-column-is-layout-flow\" style=\"flex-basis:66.66%\">\n<figure class=\"wp-block-table alignwide is-style-stripes responsive-table\"><table><thead><tr><th class=\"has-text-align-left\" data-align=\"left\">Option<\/th><th class=\"has-text-align-center\" data-align=\"center\">A*<\/th><th class=\"has-text-align-center\" data-align=\"center\">B<\/th><th class=\"has-text-align-center\" data-align=\"center\">C<\/th><\/tr><\/thead><tbody><tr><td class=\"has-text-align-left\" data-align=\"left\">Hinreise<\/td><td class=\"has-text-align-center\" data-align=\"center\">\u2714\ufe0f<\/td><td class=\"has-text-align-center\" data-align=\"center\"><\/td><td class=\"has-text-align-center\" data-align=\"center\"><\/td><\/tr><tr><td class=\"has-text-align-left\" data-align=\"left\">Vorlager<\/td><td class=\"has-text-align-center\" data-align=\"center\">\u2714\ufe0f<\/td><td class=\"has-text-align-center\" data-align=\"center\">\u2714\ufe0f<\/td><td class=\"has-text-align-center\" data-align=\"center\"><\/td><\/tr><tr><td class=\"has-text-align-left\" data-align=\"left\">Moot<\/td><td class=\"has-text-align-center\" data-align=\"center\">\u2714\ufe0f<\/td><td class=\"has-text-align-center\" data-align=\"center\">\u2714\ufe0f<\/td><td class=\"has-text-align-center\" data-align=\"center\">\u2714\ufe0f<\/td><\/tr><tr><td class=\"has-text-align-left\" data-align=\"left\">R\u00fcckreise<\/td><td class=\"has-text-align-center\" data-align=\"center\">\u2714\ufe0f<\/td><td class=\"has-text-align-center\" data-align=\"center\"><\/td><td class=\"has-text-align-center\" data-align=\"center\"><\/td><\/tr><\/tbody><tfoot><tr><td class=\"has-text-align-left\" data-align=\"left\">Kosten Teilnehmende<br>Kosten Helfende (IST)<\/td><td class=\"has-text-align-center\" data-align=\"center\">2900.-<br>2700.-<\/td><td class=\"has-text-align-center\" data-align=\"center\">2350.-<br>2150.-<\/td><td class=\"has-text-align-center\" data-align=\"center\">1750.-<br>1550.-<\/td><\/tr><\/tfoot><\/table><figcaption class=\"wp-element-caption\">Preise in CHF. \u00c4nderungen vorbehalten. <br><br>*Du willst deinen Aufenthalt in Portugal verl\u00e4ngern und fr\u00fcher an- bzw. sp\u00e4ter abreisen? Dann melde dich bei <a href=\"mailto:info@moot.ch\">info@moot.ch<\/a>.<br><\/figcaption><\/figure>\n<\/div>\n<\/div>\n","protected":false},"excerpt":{"rendered":"<p>Kosten Die Schweizer Delegation reist gemeinsam nach Portugal, verbringt dort ein unvergessliches Vorlager und reist nach dem Moot wieder gemeinsam nach Hause. Die Teilnehmenden erhalten ein Gesamtpaket und m\u00fcssen sich weder um Reise, Unterkunft noch Verpflegung k\u00fcmmern. F\u00fcr Helfende (IST) ist die Teilnahme 200 Franken g\u00fcnstiger, da sie keinen \u00abPath\u00bb besuchen. Sollte jemand alleine an- [&hellip;]<\/p>\n","protected":false},"author":1,"featured_media":610,"parent":0,"menu_order":2,"comment_status":"closed","ping_status":"closed","template":"page-no-title","meta":{"footnotes":""},"class_list":["post-167","page","type-page","status-publish","has-post-thumbnail","hentry"],"lang":"de","translations":{"de":167,"fr":451,"it":431},"pll_sync_post":[],"_links":{"self":[{"href":"https:\/\/www.moot.ch\/2025\/wp-json\/wp\/v2\/pages\/167","targetHints":{"allow":["GET"]}}],"collection":[{"href":"https:\/\/www.moot.ch\/2025\/wp-json\/wp\/v2\/pages"}],"about":[{"href":"https:\/\/www.moot.ch\/2025\/wp-json\/wp\/v2\/types\/page"}],"author":[{"embeddable":true,"href":"https:\/\/www.moot.ch\/2025\/wp-json\/wp\/v2\/users\/1"}],"replies":[{"embeddable":true,"href":"https:\/\/www.moot.ch\/2025\/wp-json\/wp\/v2\/comments?post=167"}],"version-history":[{"count":32,"href":"https:\/\/www.moot.ch\/2025\/wp-json\/wp\/v2\/pages\/167\/revisions"}],"predecessor-version":[{"id":933,"href":"https:\/\/www.moot.ch\/2025\/wp-json\/wp\/v2\/pages\/167\/revisions\/933"}],"wp:featuredmedia":[{"embeddable":true,"href":"https:\/\/www.moot.ch\/2025\/wp-json\/wp\/v2\/media\/610"}],"wp:attachment":[{"href":"https:\/\/www.moot.ch\/2025\/wp-json\/wp\/v2\/media?parent=167"}],"curies":[{"name":"wp","href":"https:\/\/api.w.org\/{rel}","templated":true}]}}