{"id":431,"date":"2024-04-03T16:43:49","date_gmt":"2024-04-03T16:43:49","guid":{"rendered":"https:\/\/www.moot.ch\/2025\/?page_id=431"},"modified":"2024-09-06T08:09:13","modified_gmt":"2024-09-06T08:09:13","slug":"costi","status":"publish","type":"page","link":"https:\/\/www.moot.ch\/2025\/it\/costi\/","title":{"rendered":"Costi"},"content":{"rendered":"\n<div class=\"wp-block-columns alignwide is-layout-flex wp-container-core-columns-is-layout-7fc3d43a wp-block-columns-is-layout-flex\">\n<div class=\"wp-block-column is-layout-flow wp-block-column-is-layout-flow\">\n<h2 class=\"wp-block-heading\">Costi<\/h2>\n\n\n\n<p><strong>La delegazione svizzera si reca in Portogallo insieme, trascorre un indimenticabile pre-campo e torna a casa insieme dopo il moot. I partecipanti ricevono un pacchetto completo e non devono preoccuparsi di viaggio, alloggio o ristorazione. Per gli aiutanti (TSI), la partecipazione \u00e8 pi\u00f9 economica di 200 franchi, poich\u00e9 non frequentano un &#8222;Path&#8220;.<\/strong><\/p>\n\n\n\n<div style=\"height:100px\" aria-hidden=\"true\" class=\"wp-block-spacer\"><\/div>\n<\/div>\n<\/div>\n\n\n\n<div class=\"wp-block-columns alignwide is-layout-flex wp-container-core-columns-is-layout-7fc3d43a wp-block-columns-is-layout-flex\">\n<div class=\"wp-block-column is-layout-flow wp-block-column-is-layout-flow\" style=\"flex-basis:33.33%\">\n<p>Se qualcuno desidera andare e tornare dal moot da solo o non partecipare al pre-camp, \u00e8 possibile. Ma ricordate: i costi di viaggio prima e dopo il moot saranno elevati a causa della domanda.<\/p>\n\n\n\n<p>Le informazioni sui singoli punti del programma sono disponibili <a href=\"https:\/\/www.moot.ch\/2025\/it\/programma\/\" data-type=\"page\" data-id=\"434\">qui<\/a>.&nbsp;<\/p>\n\n\n\n<p><strong>Supporto finanziario<\/strong><br>Nessuno deve rimanere a casa per motivi economici! Se il costo del campo \u00e8 un ostacolo, contattate <a href=\"mailto:info@moot.ch\">info@moot.ch<\/a>. Come primo passo, vedremo se \u00e8 possibile modificare le rate in modo da ridurre la pressione finanziaria. Se questo non porta alcun sollievo, c&#8217;\u00e8 la possibilit\u00e0 che l&#8217;associazione MoJaVe fornisca un sostegno finanziario.<\/p>\n\n\n\n<p><\/p>\n<\/div>\n\n\n\n<div class=\"wp-block-column table-wrapper is-layout-flow wp-block-column-is-layout-flow\" style=\"flex-basis:66.66%\">\n<figure class=\"wp-block-table alignwide is-style-stripes responsive-table\"><table><thead><tr><th class=\"has-text-align-left\" data-align=\"left\">Opzione&nbsp;<\/th><th class=\"has-text-align-center\" data-align=\"center\">A*<\/th><th class=\"has-text-align-center\" data-align=\"center\">B<\/th><th class=\"has-text-align-center\" data-align=\"center\">C<\/th><\/tr><\/thead><tbody><tr><td class=\"has-text-align-left\" data-align=\"left\">Viaggio di andata&nbsp;<\/td><td class=\"has-text-align-center\" data-align=\"center\">\u2714\ufe0f<\/td><td class=\"has-text-align-center\" data-align=\"center\"><\/td><td class=\"has-text-align-center\" data-align=\"center\"><\/td><\/tr><tr><td class=\"has-text-align-left\" data-align=\"left\">Pre-camp&nbsp;<\/td><td class=\"has-text-align-center\" data-align=\"center\">\u2714\ufe0f<\/td><td class=\"has-text-align-center\" data-align=\"center\">\u2714\ufe0f<\/td><td class=\"has-text-align-center\" data-align=\"center\"><\/td><\/tr><tr><td class=\"has-text-align-left\" data-align=\"left\">Moot<\/td><td class=\"has-text-align-center\" data-align=\"center\">\u2714\ufe0f<\/td><td class=\"has-text-align-center\" data-align=\"center\">\u2714\ufe0f<\/td><td class=\"has-text-align-center\" data-align=\"center\">\u2714\ufe0f<\/td><\/tr><tr><td class=\"has-text-align-left\" data-align=\"left\">Viaggio di ritorno&nbsp;<\/td><td class=\"has-text-align-center\" data-align=\"center\">\u2714\ufe0f<\/td><td class=\"has-text-align-center\" data-align=\"center\"><\/td><td class=\"has-text-align-center\" data-align=\"center\"><\/td><\/tr><\/tbody><tfoot><tr><td class=\"has-text-align-left\" data-align=\"left\">Costi dei partecipanti&nbsp;<br>Costi dei volontari (IST)&nbsp;<\/td><td class=\"has-text-align-center\" data-align=\"center\">2900.-<br>2700.-<\/td><td class=\"has-text-align-center\" data-align=\"center\">2350.-<br>2150.-<\/td><td class=\"has-text-align-center\" data-align=\"center\">1750.-<br>1550.-<\/td><\/tr><\/tfoot><\/table><figcaption class=\"wp-element-caption\">Prezzi in CHF. Soggetti a modifiche senza preavviso. In caso di variazioni significative del numero di partecipanti, i prezzi possono essere modificati.<br><br>*Se desiderate prolungare il vostro soggiorno in Portogallo e arrivare prima o partire dopo, contattate&nbsp;<a href=\"mailto:info@moot.ch\"><u>info@moot.ch.<\/u><\/a>&nbsp;<br><br><br><br><\/figcaption><\/figure>\n<\/div>\n<\/div>\n","protected":false},"excerpt":{"rendered":"<p>Costi La delegazione svizzera si reca in Portogallo insieme, trascorre un indimenticabile pre-campo e torna a casa insieme dopo il moot. I partecipanti ricevono un pacchetto completo e non devono preoccuparsi di viaggio, alloggio o ristorazione. Per gli aiutanti (TSI), la partecipazione \u00e8 pi\u00f9 economica di 200 franchi, poich\u00e9 non frequentano un &#8222;Path&#8220;. Se qualcuno [&hellip;]<\/p>\n","protected":false},"author":1,"featured_media":658,"parent":0,"menu_order":2,"comment_status":"closed","ping_status":"closed","template":"page-no-title","meta":{"footnotes":""},"class_list":["post-431","page","type-page","status-publish","has-post-thumbnail","hentry"],"lang":"it","translations":{"it":431,"fr":451,"de":167},"pll_sync_post":[],"_links":{"self":[{"href":"https:\/\/www.moot.ch\/2025\/wp-json\/wp\/v2\/pages\/431","targetHints":{"allow":["GET"]}}],"collection":[{"href":"https:\/\/www.moot.ch\/2025\/wp-json\/wp\/v2\/pages"}],"about":[{"href":"https:\/\/www.moot.ch\/2025\/wp-json\/wp\/v2\/types\/page"}],"author":[{"embeddable":true,"href":"https:\/\/www.moot.ch\/2025\/wp-json\/wp\/v2\/users\/1"}],"replies":[{"embeddable":true,"href":"https:\/\/www.moot.ch\/2025\/wp-json\/wp\/v2\/comments?post=431"}],"version-history":[{"count":14,"href":"https:\/\/www.moot.ch\/2025\/wp-json\/wp\/v2\/pages\/431\/revisions"}],"predecessor-version":[{"id":867,"href":"https:\/\/www.moot.ch\/2025\/wp-json\/wp\/v2\/pages\/431\/revisions\/867"}],"wp:featuredmedia":[{"embeddable":true,"href":"https:\/\/www.moot.ch\/2025\/wp-json\/wp\/v2\/media\/658"}],"wp:attachment":[{"href":"https:\/\/www.moot.ch\/2025\/wp-json\/wp\/v2\/media?parent=431"}],"curies":[{"name":"wp","href":"https:\/\/api.w.org\/{rel}","templated":true}]}}