{"id":438,"date":"2024-04-03T16:54:35","date_gmt":"2024-04-03T16:54:35","guid":{"rendered":"https:\/\/www.moot.ch\/2025\/?page_id=438"},"modified":"2025-07-03T09:35:41","modified_gmt":"2025-07-03T09:35:41","slug":"home-it","status":"publish","type":"page","link":"https:\/\/www.moot.ch\/2025\/it\/home-it\/","title":{"rendered":"Home"},"content":{"rendered":"\n<div class=\"wp-block-columns alignwide is-layout-flex wp-container-core-columns-is-layout-1302ab08 wp-block-columns-is-layout-flex\" style=\"padding-top:0;padding-bottom:0\">\n<div class=\"wp-block-column is-vertically-aligned-stretch is-layout-flow wp-block-column-is-layout-flow\" style=\"padding-top:0;padding-bottom:0;flex-basis:50%\">\n<div class=\"wp-block-group is-vertical is-content-justification-stretch is-layout-flex wp-container-core-group-is-layout-240c3b3e wp-block-group-is-layout-flex\" style=\"min-height:100%;margin-top:0;margin-bottom:0;padding-bottom:0\">\n<p class=\"has-heading-font-family has-x-large-font-size\" style=\"line-height:1.2\">Portugal, here we go!<\/p>\n\n\n\n<div class=\"wp-block-group has-global-padding is-content-justification-left is-layout-constrained wp-container-core-group-is-layout-f5b30a29 wp-block-group-is-layout-constrained\">\n<p>Il World Scout Moot si svolge solo ogni quattro anni. Nell&#8217;estate del 2025 si ripeter\u00e0. Rover Scout di tutto il mondo, di et\u00e0 compresa tra i 18 e i 25 anni, si incontreranno in Portogallo.&nbsp;<\/p>\n\n\n\n<p>Insieme, vivranno un campo scout, stringeranno amicizie per tutta la vita e impareranno gli uni dagli altri.&nbsp;<\/p>\n\n\n\n<p>Il Moot promuove i principi del Movimento scout mondiale, offre ai giovani adulti un&#8217;esperienza indimenticabile e li incoraggia a essere cittadini globali attivi.&nbsp;<\/p>\n\n\n\n<div style=\"height:30px\" aria-hidden=\"true\" class=\"wp-block-spacer\"><\/div>\n<\/div>\n<\/div>\n<\/div>\n\n\n\n<div class=\"wp-block-column is-vertically-aligned-center is-layout-flow wp-container-core-column-is-layout-6f5e594d wp-block-column-is-layout-flow\" style=\"border-style:none;border-width:0px;padding-top:0;padding-bottom:0;flex-basis:50%\">\n<figure class=\"wp-block-image size-large is-resized is-style-rounded is-style-rounded--1\"><img loading=\"lazy\" decoding=\"async\" width=\"1024\" height=\"682\" src=\"https:\/\/www.moot.ch\/2025\/wp-content\/uploads\/2024\/03\/20220728201102_THI-1024x682.jpg\" alt=\"\" class=\"wp-image-278\" style=\"aspect-ratio:1;object-fit:cover;width:600px\" srcset=\"https:\/\/www.moot.ch\/2025\/wp-content\/uploads\/2024\/03\/20220728201102_THI-1024x682.jpg 1024w, https:\/\/www.moot.ch\/2025\/wp-content\/uploads\/2024\/03\/20220728201102_THI-300x200.jpg 300w, https:\/\/www.moot.ch\/2025\/wp-content\/uploads\/2024\/03\/20220728201102_THI-768x512.jpg 768w, https:\/\/www.moot.ch\/2025\/wp-content\/uploads\/2024\/03\/20220728201102_THI-1536x1024.jpg 1536w, https:\/\/www.moot.ch\/2025\/wp-content\/uploads\/2024\/03\/20220728201102_THI.jpg 2000w\" sizes=\"auto, (max-width: 1024px) 100vw, 1024px\" \/><figcaption class=\"wp-element-caption\">(\u00a9Verein Bula 2021\/Thomas Hirt)<\/figcaption><\/figure>\n<\/div>\n<\/div>\n\n\n\n<div class=\"wp-block-group alignfull has-base-color has-contrast-background-color has-text-color has-background has-link-color wp-elements-8d9f27497283e50d750b5e430454c613 has-global-padding is-layout-constrained wp-container-core-group-is-layout-75012026 wp-block-group-is-layout-constrained\" style=\"margin-top:0;margin-bottom:0;padding-top:var(--wp--preset--spacing--40);padding-right:var(--wp--preset--spacing--60);padding-bottom:var(--wp--preset--spacing--40);padding-left:var(--wp--preset--spacing--60)\">\n<div class=\"wp-block-group alignwide is-layout-flow wp-container-core-group-is-layout-19eabfb7 wp-block-group-is-layout-flow\">\n<div style=\"height:var(--wp--preset--spacing--10)\" aria-hidden=\"true\" class=\"wp-block-spacer\"><\/div>\n\n\n\n<p class=\"has-text-align-center has-heading-font-family has-x-large-font-size\" style=\"font-style:normal;font-weight:400;line-height:1.2\">Get engaged!<br>Engage Others!<br>Engage with Others!<\/p>\n\n\n\n<p class=\"has-text-align-center\">Questo \u00e8 il motto e il programma del 16\u00b0 World Scout Moot 2025 in Portogallo.&nbsp;<\/p>\n\n\n\n<div style=\"height:var(--wp--preset--spacing--10)\" aria-hidden=\"true\" class=\"wp-block-spacer\"><\/div>\n<\/div>\n<\/div>\n\n\n\n<div class=\"wp-block-group alignfull has-accent-background-color has-background has-global-padding is-layout-constrained wp-container-core-group-is-layout-b3cbe11e wp-block-group-is-layout-constrained\" style=\"margin-top:var(--wp--preset--spacing--50);margin-bottom:0;padding-top:var(--wp--preset--spacing--20);padding-right:var(--wp--preset--spacing--50);padding-bottom:var(--wp--preset--spacing--20);padding-left:var(--wp--preset--spacing--50)\">\n<div class=\"wp-block-columns alignwide is-layout-flex wp-container-core-columns-is-layout-714d85e9 wp-block-columns-is-layout-flex\">\n<div class=\"wp-block-column is-vertically-aligned-top is-layout-flow wp-container-core-column-is-layout-e3d1c41b wp-block-column-is-layout-flow\" style=\"flex-basis:50%\">\n<p class=\"has-heading-font-family has-x-large-font-size\" style=\"line-height:1.2\">Il programma&nbsp;<\/p>\n\n\n\n<p class=\"wp-container-content-0733e5d0\">Il Moot offre un&#8217;ampia gamma di attivit\u00e0 e un programma variegato: dalle avventure all&#8217;aperto agli scambi culturali, dai progetti comunitari ai laboratori didattici. La delegazione svizzera viagger\u00e0 insieme in Portogallo. I partecipanti trascorrono i primi giorni del Moot in piccoli gruppi internazionali (Patrols) in quello che viene chiamato &#8222;Path&#8220;. Insieme, si immergono nella cultura portoghese. Dopo cinque giorni, tutti si ritrovano al campo principale vicino a Porto.&nbsp;&nbsp;<\/p>\n\n\n\n<p class=\"wp-container-content-0733e5d0\">Naturalmente, i Rovers avranno un ruolo attivo nel definire il programma. Saranno coinvolti nella pianificazione pre e post-programma della delegazione svizzera e realizzeranno i propri progetti.&nbsp;<\/p>\n\n\n\n<p class=\"wp-container-content-0733e5d0\"><a href=\"https:\/\/www.moot.ch\/2025\/it\/programma\/\" target=\"_blank\" rel=\"noreferrer noopener\"><\/a><a href=\"https:\/\/www.moot.ch\/2025\/it\/programma\/\" data-type=\"page\" data-id=\"434\">SCOPRI DI PI\u00d9<\/a><\/p>\n<\/div>\n\n\n\n<div class=\"wp-block-column is-vertically-aligned-top is-layout-flow wp-block-column-is-layout-flow\" style=\"flex-basis:50%\">\n<figure class=\"wp-block-image size-large is-resized is-style-rounded is-style-rounded--2\"><img loading=\"lazy\" decoding=\"async\" width=\"2560\" height=\"2560\" src=\"https:\/\/www.moot.ch\/2025\/wp-content\/uploads\/2024\/04\/AdobeStock_287407359-edited-3-scaled.jpeg\" alt=\"\" class=\"wp-image-639\" style=\"width:588px;height:auto\" srcset=\"https:\/\/www.moot.ch\/2025\/wp-content\/uploads\/2024\/04\/AdobeStock_287407359-edited-3-scaled.jpeg 2560w, https:\/\/www.moot.ch\/2025\/wp-content\/uploads\/2024\/04\/AdobeStock_287407359-edited-3-300x300.jpeg 300w, https:\/\/www.moot.ch\/2025\/wp-content\/uploads\/2024\/04\/AdobeStock_287407359-edited-3-1024x1024.jpeg 1024w, https:\/\/www.moot.ch\/2025\/wp-content\/uploads\/2024\/04\/AdobeStock_287407359-edited-3-150x150.jpeg 150w, https:\/\/www.moot.ch\/2025\/wp-content\/uploads\/2024\/04\/AdobeStock_287407359-edited-3-768x768.jpeg 768w, https:\/\/www.moot.ch\/2025\/wp-content\/uploads\/2024\/04\/AdobeStock_287407359-edited-3-1536x1536.jpeg 1536w, https:\/\/www.moot.ch\/2025\/wp-content\/uploads\/2024\/04\/AdobeStock_287407359-edited-3-2048x2048.jpeg 2048w\" sizes=\"auto, (max-width: 2560px) 100vw, 2560px\" \/><\/figure>\n<\/div>\n<\/div>\n\n\n\n<div class=\"wp-block-group alignfull has-accent-background-color has-background has-global-padding is-layout-constrained wp-container-core-group-is-layout-b3cbe11e wp-block-group-is-layout-constrained\" style=\"margin-top:var(--wp--preset--spacing--50);margin-bottom:0;padding-top:var(--wp--preset--spacing--20);padding-right:var(--wp--preset--spacing--50);padding-bottom:var(--wp--preset--spacing--20);padding-left:var(--wp--preset--spacing--50)\">\n<div class=\"wp-block-columns alignwide is-layout-flex wp-container-core-columns-is-layout-714d85e9 wp-block-columns-is-layout-flex\">\n<div class=\"wp-block-column is-vertically-aligned-top is-layout-flow wp-container-core-column-is-layout-e3d1c41b wp-block-column-is-layout-flow\" style=\"flex-basis:50%\">\n<p class=\"has-heading-font-family has-x-large-font-size\" style=\"line-height:1.2\">Partecipare come partecipante<\/p>\n\n\n\n<p class=\"wp-container-content-0733e5d0\">Sei nato tra il 26 luglio 1999 e il 25 luglio 2007? Ti piacerebbe andare in Portogallo con i Rover Scout svizzeri, incontrare scout di tutto il mondo e trascorrere con loro l&#8217;estate della tua vita? Allora siete partecipanti al&nbsp;<sup>16\u00b0<\/sup>&nbsp;World Scout Moot 2025.<\/p>\n<\/div>\n\n\n\n<div class=\"wp-block-column is-vertically-aligned-top is-layout-flow wp-block-column-is-layout-flow\" style=\"flex-basis:50%\">\n<h2 class=\"wp-block-heading\">Partecipare come volontario (IST)<\/h2>\n\n\n\n<p>Naturalmente, siete i benvenuti anche se siete gi\u00e0 un po&#8216; pi\u00f9 grandi. Chiunque sia nato prima del 26 luglio 1999 pu\u00f2 partecipare al Moot come membro dell&#8217;International Service Team (IST). Compiti logistici, assistenza alle attivit\u00e0 del programma, servizi di traduzione e garanzia del benessere e della sicurezza dei partecipanti: senza i volontari, il Moot non sarebbe possibile.&nbsp;<\/p>\n<\/div>\n<\/div>\n\n\n\n<div class=\"wp-block-group alignfull has-base-color has-contrast-background-color has-text-color has-background has-link-color wp-elements-34a85223a62e18157b8f241d97f429c5 has-global-padding is-layout-constrained wp-container-core-group-is-layout-75012026 wp-block-group-is-layout-constrained\" style=\"margin-top:0;margin-bottom:0;padding-top:var(--wp--preset--spacing--40);padding-right:var(--wp--preset--spacing--60);padding-bottom:var(--wp--preset--spacing--40);padding-left:var(--wp--preset--spacing--60);background-position:48% 74%;background-size:cover;\">\n<div class=\"wp-block-group alignwide is-layout-flow wp-container-core-group-is-layout-19eabfb7 wp-block-group-is-layout-flow\">\n<div style=\"height:var(--wp--preset--spacing--10)\" aria-hidden=\"true\" class=\"wp-block-spacer\"><\/div>\n\n\n\n<p class=\"has-text-align-center has-base-color has-text-color has-link-color has-heading-font-family has-x-large-font-size wp-elements-b05f65a9511147b37c96e5a9f317d889\" style=\"font-style:normal;font-weight:400;line-height:1.2\">L\u2019iscrizione al Moot 2025 \u00e8 terminata. La delegazione svizzera \u00e8 completa.<\/p>\n\n\n\n<div style=\"height:var(--wp--preset--spacing--10)\" aria-hidden=\"true\" class=\"wp-block-spacer\"><\/div>\n<\/div>\n<\/div>\n<\/div>\n<\/div>\n\n\n\n<div class=\"wp-block-group alignwide has-global-padding is-layout-constrained wp-block-group-is-layout-constrained\" id=\"kontakt\" style=\"margin-top:0;margin-bottom:0;padding-top:0;padding-bottom:0\">\n<div class=\"wp-block-group alignwide is-layout-flow wp-block-group-is-layout-flow\" id=\"Kontakt\" style=\"margin-top:0;margin-bottom:0;padding-top:var(--wp--preset--spacing--50);padding-right:0;padding-bottom:var(--wp--preset--spacing--10)\">\n<hr class=\"wp-block-separator has-alpha-channel-opacity is-style-wide\"\/>\n\n\n\n<div class=\"wp-block-columns is-layout-flex wp-container-core-columns-is-layout-84adac04 wp-block-columns-is-layout-flex\" style=\"margin-top:var(--wp--preset--spacing--30);margin-bottom:var(--wp--preset--spacing--30);padding-top:0\">\n<div class=\"wp-block-column is-layout-flow wp-block-column-is-layout-flow\" style=\"flex-basis:28%\">\n<div class=\"wp-block-group is-vertical is-layout-flex wp-container-core-group-is-layout-ea0cb840 wp-block-group-is-layout-flex\"><div class=\"wp-block-site-logo\"><a href=\"https:\/\/www.moot.ch\/2025\/\" class=\"custom-logo-link\" rel=\"home\"><img loading=\"lazy\" decoding=\"async\" width=\"230\" height=\"69\" src=\"https:\/\/www.moot.ch\/2025\/wp-content\/uploads\/2024\/04\/Logo-transparent.png\" class=\"custom-logo\" alt=\"Moot 2025 Portugal\" srcset=\"https:\/\/www.moot.ch\/2025\/wp-content\/uploads\/2024\/04\/Logo-transparent.png 1000w, https:\/\/www.moot.ch\/2025\/wp-content\/uploads\/2024\/04\/Logo-transparent-300x91.png 300w, https:\/\/www.moot.ch\/2025\/wp-content\/uploads\/2024\/04\/Logo-transparent-768x232.png 768w\" sizes=\"auto, (max-width: 230px) 100vw, 230px\" \/><\/a><\/div><\/div>\n<\/div>\n\n\n\n<div class=\"wp-block-column is-layout-flow wp-block-column-is-layout-flow\" style=\"flex-basis:20%\">\n<figure class=\"wp-block-image size-full is-resized\"><a href=\"https:\/\/hajk.ch\"><img loading=\"lazy\" decoding=\"async\" width=\"522\" height=\"448\" src=\"https:\/\/www.moot.ch\/2025\/wp-content\/uploads\/2024\/10\/Dein-Pfadishop_DE_schwarz-3.png\" alt=\"\" class=\"wp-image-898\" style=\"width:99px;height:auto\" srcset=\"https:\/\/www.moot.ch\/2025\/wp-content\/uploads\/2024\/10\/Dein-Pfadishop_DE_schwarz-3.png 522w, https:\/\/www.moot.ch\/2025\/wp-content\/uploads\/2024\/10\/Dein-Pfadishop_DE_schwarz-3-300x257.png 300w\" sizes=\"auto, (max-width: 522px) 100vw, 522px\" \/><\/a><\/figure>\n<\/div>\n\n\n\n<div class=\"wp-block-column is-layout-flow wp-block-column-is-layout-flow\" style=\"flex-basis:16%\">\n<div class=\"wp-block-group is-vertical is-layout-flex wp-container-core-group-is-layout-ea0cb840 wp-block-group-is-layout-flex\">\n<h3 class=\"wp-block-heading has-body-font-family has-medium-font-size\">Contatto<\/h3>\n\n\n\n<p><a href=\"mailto:info@moot.ch\">info@moot.ch<\/a><\/p>\n<\/div>\n<\/div>\n\n\n\n<div class=\"wp-block-column is-layout-flow wp-block-column-is-layout-flow\" style=\"flex-basis:16%\">\n<div class=\"wp-block-columns is-not-stacked-on-mobile is-layout-flex wp-container-core-columns-is-layout-28f84493 wp-block-columns-is-layout-flex\">\n<div class=\"wp-block-column is-layout-flow wp-block-column-is-layout-flow\">\n<div class=\"wp-block-group is-vertical is-layout-flex wp-container-core-group-is-layout-ea0cb840 wp-block-group-is-layout-flex\">\n<h3 class=\"wp-block-heading has-body-font-family has-medium-font-size\">Social<\/h3>\n\n\n\n<p><a href=\"https:\/\/www.instagram.com\/moot_schweiz_suisse_svizzera\" data-type=\"link\" data-id=\"https:\/\/instagram.com\/moot.swiss\" target=\"_blank\" rel=\"noreferrer noopener\">Instagram<\/a><\/p>\n<\/div>\n<\/div>\n<\/div>\n<\/div>\n\n\n\n<div class=\"wp-block-column is-layout-flow wp-block-column-is-layout-flow\" style=\"flex-basis:20%\">\n<div class=\"wp-block-group is-vertical is-layout-flex wp-container-core-group-is-layout-ea0cb840 wp-block-group-is-layout-flex\">\n<h3 class=\"wp-block-heading has-body-font-family has-medium-font-size\">Website Moot Portogallo<\/h3>\n\n\n\n<p><a href=\"http:\/\/worldscoutmoot.pt\" data-type=\"link\" data-id=\"worldscoutmoot.pt\" target=\"_blank\" rel=\"noreferrer noopener\">worldscoutmoot.pt<\/a><\/p>\n<\/div>\n<\/div>\n<\/div>\n<\/div>\n<\/div>\n","protected":false},"excerpt":{"rendered":"<p>Portugal, here we go! Il World Scout Moot si svolge solo ogni quattro anni. Nell&#8217;estate del 2025 si ripeter\u00e0. Rover Scout di tutto il mondo, di et\u00e0 compresa tra i 18 e i 25 anni, si incontreranno in Portogallo.&nbsp; Insieme, vivranno un campo scout, stringeranno amicizie per tutta la vita e impareranno gli uni dagli [&hellip;]<\/p>\n","protected":false},"author":1,"featured_media":0,"parent":0,"menu_order":0,"comment_status":"closed","ping_status":"closed","template":"page-no-title","meta":{"footnotes":""},"class_list":["post-438","page","type-page","status-publish","hentry"],"lang":"it","translations":{"it":438,"fr":446,"de":18},"pll_sync_post":[],"_links":{"self":[{"href":"https:\/\/www.moot.ch\/2025\/wp-json\/wp\/v2\/pages\/438","targetHints":{"allow":["GET"]}}],"collection":[{"href":"https:\/\/www.moot.ch\/2025\/wp-json\/wp\/v2\/pages"}],"about":[{"href":"https:\/\/www.moot.ch\/2025\/wp-json\/wp\/v2\/types\/page"}],"author":[{"embeddable":true,"href":"https:\/\/www.moot.ch\/2025\/wp-json\/wp\/v2\/users\/1"}],"replies":[{"embeddable":true,"href":"https:\/\/www.moot.ch\/2025\/wp-json\/wp\/v2\/comments?post=438"}],"version-history":[{"count":26,"href":"https:\/\/www.moot.ch\/2025\/wp-json\/wp\/v2\/pages\/438\/revisions"}],"predecessor-version":[{"id":899,"href":"https:\/\/www.moot.ch\/2025\/wp-json\/wp\/v2\/pages\/438\/revisions\/899"}],"wp:attachment":[{"href":"https:\/\/www.moot.ch\/2025\/wp-json\/wp\/v2\/media?parent=438"}],"curies":[{"name":"wp","href":"https:\/\/api.w.org\/{rel}","templated":true}]}}