{"id":446,"date":"2024-04-03T18:44:10","date_gmt":"2024-04-03T18:44:10","guid":{"rendered":"https:\/\/www.moot.ch\/2025\/?page_id=446"},"modified":"2024-10-30T15:01:51","modified_gmt":"2024-10-30T15:01:51","slug":"page-daccueil","status":"publish","type":"page","link":"https:\/\/www.moot.ch\/2025\/fr\/page-daccueil\/","title":{"rendered":"Home"},"content":{"rendered":"\n<div class=\"wp-block-columns alignwide is-layout-flex wp-container-core-columns-is-layout-1302ab08 wp-block-columns-is-layout-flex\" style=\"padding-top:0;padding-bottom:0\">\n<div class=\"wp-block-column is-vertically-aligned-stretch is-layout-flow wp-block-column-is-layout-flow\" style=\"padding-top:0;padding-bottom:0;flex-basis:50%\">\n<div class=\"wp-block-group is-vertical is-content-justification-stretch is-layout-flex wp-container-core-group-is-layout-240c3b3e wp-block-group-is-layout-flex\" style=\"min-height:100%;margin-top:0;margin-bottom:0;padding-bottom:0\">\n<p class=\"has-heading-font-family has-x-large-font-size\" style=\"line-height:1.2\">Portugal, here we go!<\/p>\n\n\n\n<div class=\"wp-block-group has-global-padding is-content-justification-left is-layout-constrained wp-container-core-group-is-layout-f5b30a29 wp-block-group-is-layout-constrained\">\n<p>Le World Scout Moot n&#8217;a lieu que tous les quatre ans. Et le prochain arrive en \u00e9t\u00e9 2025 ! Des routiers du monde entier, \u00e2g\u00e9s de 18 \u00e0 25 ans, se r\u00e9uniront au Portugal.&nbsp;<\/p>\n\n\n\n<p>Durant un camp scout hors du commun, ils rencontreront les amis d&#8217;une vie, d\u00e9couvriront de nouvelles cultures et apprendront les uns des autres.&nbsp;<\/p>\n\n\n\n<p>Le Moot veut promouvoir les principes du mouvement scout mondial, offrir aux jeunes adultes une exp\u00e9rience inoubliable et les encourager \u00e0 \u00eatre des citoyen\u00b7ne\u00b7s du monde actif\u00b7ve\u00b7s.&nbsp;<\/p>\n\n\n\n<div style=\"height:30px\" aria-hidden=\"true\" class=\"wp-block-spacer\"><\/div>\n<\/div>\n<\/div>\n<\/div>\n\n\n\n<div class=\"wp-block-column is-vertically-aligned-center is-layout-flow wp-container-core-column-is-layout-6f5e594d wp-block-column-is-layout-flow\" style=\"border-style:none;border-width:0px;padding-top:0;padding-bottom:0;flex-basis:50%\">\n<figure class=\"wp-block-image size-large is-resized is-style-rounded is-style-rounded--1\"><img loading=\"lazy\" decoding=\"async\" width=\"1024\" height=\"682\" src=\"https:\/\/www.moot.ch\/2025\/wp-content\/uploads\/2024\/03\/20220728201102_THI-1024x682.jpg\" alt=\"\" class=\"wp-image-278\" style=\"aspect-ratio:1;object-fit:cover;width:600px\" srcset=\"https:\/\/www.moot.ch\/2025\/wp-content\/uploads\/2024\/03\/20220728201102_THI-1024x682.jpg 1024w, https:\/\/www.moot.ch\/2025\/wp-content\/uploads\/2024\/03\/20220728201102_THI-300x200.jpg 300w, https:\/\/www.moot.ch\/2025\/wp-content\/uploads\/2024\/03\/20220728201102_THI-768x512.jpg 768w, https:\/\/www.moot.ch\/2025\/wp-content\/uploads\/2024\/03\/20220728201102_THI-1536x1024.jpg 1536w, https:\/\/www.moot.ch\/2025\/wp-content\/uploads\/2024\/03\/20220728201102_THI.jpg 2000w\" sizes=\"auto, (max-width: 1024px) 100vw, 1024px\" \/><figcaption class=\"wp-element-caption\">(\u00a9Verein Bula 2021\/Thomas Hirt)<\/figcaption><\/figure>\n<\/div>\n<\/div>\n\n\n\n<div class=\"wp-block-group alignfull has-base-color has-contrast-background-color has-text-color has-background has-link-color wp-elements-ff795df7e9f3247e128eebe76c745a60 has-global-padding is-layout-constrained wp-container-core-group-is-layout-75012026 wp-block-group-is-layout-constrained\" style=\"margin-top:0;margin-bottom:0;padding-top:var(--wp--preset--spacing--40);padding-right:var(--wp--preset--spacing--60);padding-bottom:var(--wp--preset--spacing--40);padding-left:var(--wp--preset--spacing--60)\">\n<div class=\"wp-block-group alignwide is-layout-flow wp-container-core-group-is-layout-19eabfb7 wp-block-group-is-layout-flow\">\n<div style=\"height:var(--wp--preset--spacing--10)\" aria-hidden=\"true\" class=\"wp-block-spacer\"><\/div>\n\n\n\n<p class=\"has-text-align-center has-heading-font-family has-x-large-font-size\" style=\"font-style:normal;font-weight:400;line-height:1.2\">Get engaged!<br>Engage Others!<br>Engage with Others!<\/p>\n\n\n\n<p class=\"has-text-align-center\">Telle est la devise et le programme du 16th World Scout Moot 2025 au Portugal.&nbsp;&nbsp;<\/p>\n\n\n\n<div style=\"height:var(--wp--preset--spacing--10)\" aria-hidden=\"true\" class=\"wp-block-spacer\"><\/div>\n<\/div>\n<\/div>\n\n\n\n<div class=\"wp-block-group alignfull has-accent-background-color has-background has-global-padding is-layout-constrained wp-container-core-group-is-layout-b3cbe11e wp-block-group-is-layout-constrained\" style=\"margin-top:var(--wp--preset--spacing--50);margin-bottom:0;padding-top:var(--wp--preset--spacing--20);padding-right:var(--wp--preset--spacing--50);padding-bottom:var(--wp--preset--spacing--20);padding-left:var(--wp--preset--spacing--50)\">\n<div class=\"wp-block-columns alignwide is-layout-flex wp-container-core-columns-is-layout-714d85e9 wp-block-columns-is-layout-flex\">\n<div class=\"wp-block-column is-vertically-aligned-top is-layout-flow wp-container-core-column-is-layout-e3d1c41b wp-block-column-is-layout-flow\" style=\"flex-basis:50%\">\n<p class=\"has-heading-font-family has-x-large-font-size\" style=\"line-height:1.2\">Programme&nbsp;<\/p>\n\n\n\n<p class=\"wp-container-content-0733e5d0\">Le Moot propose un large \u00e9ventail d&#8217;activit\u00e9s et un programme vari\u00e9 : des aventures en plein air et des \u00e9changes culturels, en passant par des projets d&#8217;utilit\u00e9 publique et des ateliers \u00e9ducatifs. La d\u00e9l\u00e9gation suisse se rendra ensemble au Portugal. Les participant\u00b7e\u00b7s passent ensuite les premiers jours du Moot en petits groupes internationaux (Patrol) sur ce que l&#8217;on appelle un &#8222;Path&#8220;. Ils s&#8217;immergent ensemble dans la culture portugaise. Apr\u00e8s ces cinq jours, tous se retrouvent au camp principal pr\u00e8s de Porto.<\/p>\n\n\n\n<p class=\"wp-container-content-0733e5d0\">Bien s\u00fbr, les participants joueront un r\u00f4le actif dans l&#8217;\u00e9laboration du programme de leur propre exp\u00e9rience au Moot. Ils participeront \u00e0 la planification du programme pr\u00e9liminaire de la d\u00e9l\u00e9gation suisse et m\u00e8neront leurs propres projets.&nbsp;<br><a href=\"https:\/\/www.moot.ch\/2025\/programm\/\" target=\"_blank\" rel=\"noreferrer noopener\"><\/a><\/p>\n\n\n\n<p class=\"wp-container-content-0733e5d0\"><a href=\"https:\/\/www.moot.ch\/2025\/fr\/programme\/\" data-type=\"page\" data-id=\"448\">PLUS D&#8217;INFOS SUR LE PROGRAMME&nbsp;<\/a><\/p>\n<\/div>\n\n\n\n<div class=\"wp-block-column is-vertically-aligned-top is-layout-flow wp-block-column-is-layout-flow\" style=\"flex-basis:50%\">\n<figure class=\"wp-block-image size-large is-resized is-style-rounded is-style-rounded--2\"><img loading=\"lazy\" decoding=\"async\" width=\"2560\" height=\"2560\" src=\"https:\/\/www.moot.ch\/2025\/wp-content\/uploads\/2024\/04\/AdobeStock_287407359-edited-3-scaled.jpeg\" alt=\"\" class=\"wp-image-639\" style=\"width:588px;height:auto\" srcset=\"https:\/\/www.moot.ch\/2025\/wp-content\/uploads\/2024\/04\/AdobeStock_287407359-edited-3-scaled.jpeg 2560w, https:\/\/www.moot.ch\/2025\/wp-content\/uploads\/2024\/04\/AdobeStock_287407359-edited-3-300x300.jpeg 300w, https:\/\/www.moot.ch\/2025\/wp-content\/uploads\/2024\/04\/AdobeStock_287407359-edited-3-1024x1024.jpeg 1024w, https:\/\/www.moot.ch\/2025\/wp-content\/uploads\/2024\/04\/AdobeStock_287407359-edited-3-150x150.jpeg 150w, https:\/\/www.moot.ch\/2025\/wp-content\/uploads\/2024\/04\/AdobeStock_287407359-edited-3-768x768.jpeg 768w, https:\/\/www.moot.ch\/2025\/wp-content\/uploads\/2024\/04\/AdobeStock_287407359-edited-3-1536x1536.jpeg 1536w, https:\/\/www.moot.ch\/2025\/wp-content\/uploads\/2024\/04\/AdobeStock_287407359-edited-3-2048x2048.jpeg 2048w\" sizes=\"auto, (max-width: 2560px) 100vw, 2560px\" \/><\/figure>\n<\/div>\n<\/div>\n<\/div>\n\n\n\n<div class=\"wp-block-group alignfull has-base-background-color has-background has-global-padding is-layout-constrained wp-container-core-group-is-layout-d89aad35 wp-block-group-is-layout-constrained\" style=\"margin-top:0;margin-bottom:0;padding-top:var(--wp--preset--spacing--50);padding-right:var(--wp--preset--spacing--50);padding-bottom:var(--wp--preset--spacing--50);padding-left:var(--wp--preset--spacing--50)\">\n<div class=\"wp-block-columns is-layout-flex wp-container-core-columns-is-layout-28f84493 wp-block-columns-is-layout-flex\">\n<div class=\"wp-block-column is-layout-flow wp-block-column-is-layout-flow\"><\/div>\n\n\n\n<div class=\"wp-block-column is-layout-flow wp-block-column-is-layout-flow\"><\/div>\n\n\n\n<div class=\"wp-block-column is-layout-flow wp-block-column-is-layout-flow\"><\/div>\n<\/div>\n\n\n\n<div class=\"wp-block-group alignfull has-accent-background-color has-background has-global-padding is-layout-constrained wp-container-core-group-is-layout-b3cbe11e wp-block-group-is-layout-constrained\" style=\"margin-top:var(--wp--preset--spacing--50);margin-bottom:0;padding-top:var(--wp--preset--spacing--20);padding-right:var(--wp--preset--spacing--50);padding-bottom:var(--wp--preset--spacing--20);padding-left:var(--wp--preset--spacing--50)\">\n<div class=\"wp-block-columns alignwide is-layout-flex wp-container-core-columns-is-layout-714d85e9 wp-block-columns-is-layout-flex\">\n<div class=\"wp-block-column is-vertically-aligned-top is-layout-flow wp-container-core-column-is-layout-e3d1c41b wp-block-column-is-layout-flow\" style=\"flex-basis:50%\">\n<p class=\"has-heading-font-family has-x-large-font-size\" style=\"line-height:1.2\">Participer en tant que participant\u00b7e&nbsp;&nbsp;&nbsp;&nbsp;&nbsp;<\/p>\n\n\n\n<p class=\"wp-container-content-0733e5d0\">Tu es n\u00e9\u00b7e entre le 26 juillet 1999 et le 25 juillet 2007 ? Tu as envie de partir au Portugal avec des routiers suisses, de rencontrer des scouts du monde entier et de passer l&#8217;\u00e9t\u00e9 de ta vie avec eux ? Alors tu participes en tant que participant\u00b7e au 16<sup>th<\/sup> World Scout Moot 2025 !&nbsp;&nbsp;<\/p>\n<\/div>\n\n\n\n<div class=\"wp-block-column is-vertically-aligned-top is-layout-flow wp-block-column-is-layout-flow\" style=\"flex-basis:50%\">\n<h2 class=\"wp-block-heading\">Participer en tant que b\u00e9n\u00e9vole (IST)&nbsp;&nbsp;<\/h2>\n\n\n\n<p>Tu es \u00e9videmment aussi bienvenu\u00b7e si tu es d\u00e9j\u00e0 un peu plus \u00e2g\u00e9\u00b7e. Toutes celles et ceux qui sont n\u00e9\u00b7e\u00b7s avant le 26 juillet 1999 peuvent participer au Moot en tant que membre de l'&#8220;International Service Team IST&#8220;. T\u00e2ches logistiques, aide aux activit\u00e9s du programme, service de traduction et garantie du bien-\u00eatre g\u00e9n\u00e9ral et de la s\u00e9curit\u00e9 des participants &#8211; sans b\u00e9n\u00e9voles, le Moot ne serait pas possible.<\/p>\n<\/div>\n<\/div>\n<\/div>\n<\/div>\n\n\n\n<div class=\"wp-block-group alignfull has-base-color has-contrast-background-color has-text-color has-background has-link-color wp-elements-a2477bccc60056b9266a59773ac3c872 has-global-padding is-layout-constrained wp-container-core-group-is-layout-75012026 wp-block-group-is-layout-constrained\" style=\"margin-top:0;margin-bottom:0;padding-top:var(--wp--preset--spacing--40);padding-right:var(--wp--preset--spacing--60);padding-bottom:var(--wp--preset--spacing--40);padding-left:var(--wp--preset--spacing--60)\">\n<div class=\"wp-block-group alignwide is-layout-flow wp-container-core-group-is-layout-19eabfb7 wp-block-group-is-layout-flow\">\n<div style=\"height:var(--wp--preset--spacing--10)\" aria-hidden=\"true\" class=\"wp-block-spacer\"><\/div>\n\n\n\n<p class=\"has-text-align-center has-heading-font-family has-x-large-font-size\" style=\"font-style:normal;font-weight:400;line-height:1.2\">L&#8217;inscription au Moot 2025 est termin\u00e9e. La d\u00e9l\u00e9gation suisse est au complet.<\/p>\n\n\n\n<div style=\"height:var(--wp--preset--spacing--10)\" aria-hidden=\"true\" class=\"wp-block-spacer\"><\/div>\n<\/div>\n<\/div>\n\n\n\n<div class=\"wp-block-group alignwide has-global-padding is-layout-constrained wp-block-group-is-layout-constrained\" id=\"kontakt\">\n<div class=\"wp-block-group alignwide is-layout-flow wp-block-group-is-layout-flow\" id=\"Kontakt\" style=\"padding-top:var(--wp--preset--spacing--50);padding-bottom:var(--wp--preset--spacing--10)\">\n<hr class=\"wp-block-separator has-alpha-channel-opacity is-style-wide\"\/>\n\n\n\n<div class=\"wp-block-columns is-layout-flex wp-container-core-columns-is-layout-84adac04 wp-block-columns-is-layout-flex\" style=\"margin-top:var(--wp--preset--spacing--30);margin-bottom:var(--wp--preset--spacing--30);padding-top:0\">\n<div class=\"wp-block-column is-layout-flow wp-block-column-is-layout-flow\" style=\"flex-basis:28%\">\n<div class=\"wp-block-group is-vertical is-layout-flex wp-container-core-group-is-layout-ea0cb840 wp-block-group-is-layout-flex\"><div class=\"wp-block-site-logo\"><a href=\"https:\/\/www.moot.ch\/2025\/\" class=\"custom-logo-link\" rel=\"home\"><img loading=\"lazy\" decoding=\"async\" width=\"230\" height=\"69\" src=\"https:\/\/www.moot.ch\/2025\/wp-content\/uploads\/2024\/04\/Logo-transparent.png\" class=\"custom-logo\" alt=\"Moot 2025 Portugal\" srcset=\"https:\/\/www.moot.ch\/2025\/wp-content\/uploads\/2024\/04\/Logo-transparent.png 1000w, https:\/\/www.moot.ch\/2025\/wp-content\/uploads\/2024\/04\/Logo-transparent-300x91.png 300w, https:\/\/www.moot.ch\/2025\/wp-content\/uploads\/2024\/04\/Logo-transparent-768x232.png 768w\" sizes=\"auto, (max-width: 230px) 100vw, 230px\" \/><\/a><\/div><\/div>\n<\/div>\n\n\n\n<div class=\"wp-block-column is-layout-flow wp-block-column-is-layout-flow\" style=\"flex-basis:20%\">\n<figure class=\"wp-block-image size-full is-resized\"><a href=\"https:\/\/hajk.ch\"><img loading=\"lazy\" decoding=\"async\" width=\"522\" height=\"448\" src=\"https:\/\/www.moot.ch\/2025\/wp-content\/uploads\/2024\/10\/Dein-Pfadishop_DE_schwarz-2.png\" alt=\"\" class=\"wp-image-896\" style=\"width:95px;height:auto\" srcset=\"https:\/\/www.moot.ch\/2025\/wp-content\/uploads\/2024\/10\/Dein-Pfadishop_DE_schwarz-2.png 522w, https:\/\/www.moot.ch\/2025\/wp-content\/uploads\/2024\/10\/Dein-Pfadishop_DE_schwarz-2-300x257.png 300w\" sizes=\"auto, (max-width: 522px) 100vw, 522px\" \/><\/a><\/figure>\n<\/div>\n\n\n\n<div class=\"wp-block-column is-layout-flow wp-block-column-is-layout-flow\" style=\"flex-basis:16%\">\n<div class=\"wp-block-group is-vertical is-layout-flex wp-container-core-group-is-layout-ea0cb840 wp-block-group-is-layout-flex\">\n<h3 class=\"wp-block-heading has-body-font-family has-medium-font-size\">Contact<\/h3>\n\n\n\n<p><a href=\"mailto:info@moot.ch\">info@moot.ch<\/a><\/p>\n<\/div>\n<\/div>\n\n\n\n<div class=\"wp-block-column is-layout-flow wp-block-column-is-layout-flow\" style=\"flex-basis:16%\">\n<div class=\"wp-block-columns is-not-stacked-on-mobile is-layout-flex wp-container-core-columns-is-layout-28f84493 wp-block-columns-is-layout-flex\">\n<div class=\"wp-block-column is-layout-flow wp-block-column-is-layout-flow\">\n<div class=\"wp-block-group is-vertical is-layout-flex wp-container-core-group-is-layout-ea0cb840 wp-block-group-is-layout-flex\">\n<h3 class=\"wp-block-heading has-body-font-family has-medium-font-size\">Social<\/h3>\n\n\n\n<p><a href=\"https:\/\/www.instagram.com\/moot_schweiz_suisse_svizzera\" data-type=\"link\" data-id=\"https:\/\/instagram.com\/moot.swiss\" target=\"_blank\" rel=\"noreferrer noopener\">Instagram<\/a><\/p>\n<\/div>\n<\/div>\n<\/div>\n<\/div>\n\n\n\n<div class=\"wp-block-column is-layout-flow wp-block-column-is-layout-flow\" style=\"flex-basis:20%\">\n<div class=\"wp-block-group is-vertical is-layout-flex wp-container-core-group-is-layout-ea0cb840 wp-block-group-is-layout-flex\">\n<h3 class=\"wp-block-heading has-body-font-family has-medium-font-size\">Site web officiel du Moot Portugal<\/h3>\n\n\n\n<p><a href=\"http:\/\/worldscoutmoot.pt\" data-type=\"link\" data-id=\"worldscoutmoot.pt\" target=\"_blank\" rel=\"noreferrer noopener\">worldscoutmoot.pt<\/a><\/p>\n<\/div>\n<\/div>\n<\/div>\n<\/div>\n<\/div>\n","protected":false},"excerpt":{"rendered":"<p>Portugal, here we go! Le World Scout Moot n&#8217;a lieu que tous les quatre ans. Et le prochain arrive en \u00e9t\u00e9 2025 ! Des routiers du monde entier, \u00e2g\u00e9s de 18 \u00e0 25 ans, se r\u00e9uniront au Portugal.&nbsp; Durant un camp scout hors du commun, ils rencontreront les amis d&#8217;une vie, d\u00e9couvriront de nouvelles cultures [&hellip;]<\/p>\n","protected":false},"author":1,"featured_media":0,"parent":0,"menu_order":0,"comment_status":"closed","ping_status":"closed","template":"page-no-title","meta":{"footnotes":""},"class_list":["post-446","page","type-page","status-publish","hentry"],"lang":"fr","translations":{"fr":446,"de":18,"it":438},"pll_sync_post":[],"_links":{"self":[{"href":"https:\/\/www.moot.ch\/2025\/wp-json\/wp\/v2\/pages\/446","targetHints":{"allow":["GET"]}}],"collection":[{"href":"https:\/\/www.moot.ch\/2025\/wp-json\/wp\/v2\/pages"}],"about":[{"href":"https:\/\/www.moot.ch\/2025\/wp-json\/wp\/v2\/types\/page"}],"author":[{"embeddable":true,"href":"https:\/\/www.moot.ch\/2025\/wp-json\/wp\/v2\/users\/1"}],"replies":[{"embeddable":true,"href":"https:\/\/www.moot.ch\/2025\/wp-json\/wp\/v2\/comments?post=446"}],"version-history":[{"count":23,"href":"https:\/\/www.moot.ch\/2025\/wp-json\/wp\/v2\/pages\/446\/revisions"}],"predecessor-version":[{"id":897,"href":"https:\/\/www.moot.ch\/2025\/wp-json\/wp\/v2\/pages\/446\/revisions\/897"}],"wp:attachment":[{"href":"https:\/\/www.moot.ch\/2025\/wp-json\/wp\/v2\/media?parent=446"}],"curies":[{"name":"wp","href":"https:\/\/api.w.org\/{rel}","templated":true}]}}