{"id":448,"date":"2024-04-03T17:28:21","date_gmt":"2024-04-03T17:28:21","guid":{"rendered":"https:\/\/www.moot.ch\/2025\/?page_id=448"},"modified":"2025-03-23T19:15:04","modified_gmt":"2025-03-23T19:15:04","slug":"programme","status":"publish","type":"page","link":"https:\/\/www.moot.ch\/2025\/fr\/programme\/","title":{"rendered":"Programme"},"content":{"rendered":"\n<div class=\"wp-block-columns alignwide is-layout-flex wp-container-core-columns-is-layout-7fc3d43a wp-block-columns-is-layout-flex\">\n<div class=\"wp-block-column is-layout-flow wp-block-column-is-layout-flow\">\n<h2 class=\"wp-block-heading\">Programme<\/h2>\n\n\n\n<p><strong>Le Moot offre un programme vari\u00e9 !&nbsp;Pendant le pr\u00e9programme, la d\u00e9l\u00e9gation suisse apprend \u00e0 se conna\u00eetre et pr\u00e9pare le Moot ensemble.&nbsp;Chacun\u00b7e est actif\u00b7ve dans l\u2019organisation du Moot, mais c\u2019est toi qui d\u00e9cides comment tu souhaites t\u2019investir. Tu peux choisir parmi les projets propos\u00e9s par la d\u00e9l\u00e9gation, ou amener ta propre id\u00e9e.<\/strong><\/p>\n\n\n\n<div style=\"height:100px\" aria-hidden=\"true\" class=\"wp-block-spacer\"><\/div>\n<\/div>\n<\/div>\n\n\n\n<div class=\"wp-block-group alignwide has-global-padding is-layout-constrained wp-block-group-is-layout-constrained\">\n<div class=\"wp-block-columns alignwide is-layout-flex wp-container-core-columns-is-layout-9effc7d7 wp-block-columns-is-layout-flex\">\n<div class=\"wp-block-column is-layout-flow wp-block-column-is-layout-flow\" style=\"flex-basis:33.33%\">\n<p><strong>Pr\u00e9programme<\/strong>&nbsp;<\/p>\n\n\n\n<p>Tou\u00b7te\u00b7s les participant\u00b7e\u00b7s et les b\u00e9n\u00e9voles (IST) prennent part soit \u00e0 la r\u00e9union de pr\u00e9paration du 13 octobre \u00e0 Winterthur, soit \u00e0 la r\u00e9union de pr\u00e9paration du 26 octobre \u00e0 Fribourg. En mai 2025 aura lieu le pr\u00e9-week-end commun.<br><\/p>\n\n\n\n<p><\/p>\n\n\n\n<p><\/p>\n<\/div>\n\n\n\n<div class=\"wp-block-column is-layout-flow wp-container-core-column-is-layout-a77db08e wp-block-column-is-layout-flow\" style=\"flex-basis:66.66%\">\n<div class=\"wp-block-group alignfull has-base-2-background-color has-background has-global-padding is-content-justification-center is-layout-constrained wp-container-core-group-is-layout-bb491d83 wp-block-group-is-layout-constrained\" style=\"border-style:none;border-width:0px;border-radius:25px;min-height:0px;margin-top:0;margin-bottom:0;padding-top:var(--wp--preset--spacing--40);padding-right:var(--wp--preset--spacing--50);padding-bottom:var(--wp--preset--spacing--40);padding-left:var(--wp--preset--spacing--50)\">\n<p><\/p>\n\n\n\n<details class=\"wp-block-details has-medium-font-size is-layout-flow wp-container-core-details-is-layout-8a368f38 wp-block-details-is-layout-flow\" style=\"text-decoration:none\"><summary>R\u00e9union de pr\u00e9paration I: 13 octobre 2024<\/summary>\n<p style=\"margin-top:0;font-style:normal;font-weight:400\">Les participants et les aidants (IST) apprennent \u00e0 se conna\u00eetre et re\u00e7oivent toutes les informations importantes sur les projets et le Moot.&nbsp;<\/p>\n<\/details>\n\n\n\n<details class=\"wp-block-details has-medium-font-size is-layout-flow wp-container-core-details-is-layout-8a368f38 wp-block-details-is-layout-flow\" style=\"text-decoration:none\"><summary>R\u00e9union de pr\u00e9paration II: 26 octobre 2024<\/summary>\n<p style=\"margin-top:0;font-style:normal;font-weight:400\">Les participants et les aidants (IST) apprennent \u00e0 se conna\u00eetre et re\u00e7oivent toutes les informations importantes sur les projets et le Moot.&nbsp;<\/p>\n<\/details>\n\n\n\n<details class=\"wp-block-details has-medium-font-size is-layout-flow wp-container-core-details-is-layout-8a368f38 wp-block-details-is-layout-flow\" style=\"text-decoration:none\"><summary>Week-end de pr\u00e9paration: 17-18 mai 2025\u00a0<\/summary>\n<p style=\"margin-top:0;font-style:normal;font-weight:400\">La d\u00e9l\u00e9gation suisse passe un week-end ensemble, termine les pr\u00e9parations et se met au diapason du Moot.<\/p>\n<\/details>\n<\/div>\n<\/div>\n<\/div>\n<\/div>\n\n\n\n<p><\/p>\n\n\n\n<div class=\"wp-block-columns alignwide is-layout-flex wp-container-core-columns-is-layout-7fc3d43a wp-block-columns-is-layout-flex\">\n<div class=\"wp-block-column is-layout-flow wp-block-column-is-layout-flow\" style=\"flex-basis:33.33%\">\n<p><strong>Pr\u00e9-camp<\/strong><\/p>\n\n\n\n<p>Le 20 juillet 2025, la d\u00e9l\u00e9gation suisse se rendra ensemble en avion au Portugal pour y passer un pr\u00e9-camp.<\/p>\n\n\n\n<div style=\"height:100px\" aria-hidden=\"true\" class=\"wp-block-spacer\"><\/div>\n<\/div>\n\n\n\n<div class=\"wp-block-column table-wrapper is-layout-flow wp-block-column-is-layout-flow\" style=\"flex-basis:66.66%\">\n<div class=\"wp-block-group alignfull has-base-2-background-color has-background has-global-padding is-content-justification-center is-layout-constrained wp-container-core-group-is-layout-bb491d83 wp-block-group-is-layout-constrained\" style=\"border-style:none;border-width:0px;border-radius:25px;min-height:0px;margin-top:0;margin-bottom:0;padding-top:var(--wp--preset--spacing--40);padding-right:var(--wp--preset--spacing--50);padding-bottom:var(--wp--preset--spacing--40);padding-left:var(--wp--preset--spacing--50)\">\n<details class=\"wp-block-details has-medium-font-size is-layout-flow wp-container-core-details-is-layout-8a368f38 wp-block-details-is-layout-flow\" style=\"text-decoration:none\"><summary>Voyage aller: 20 juillet 2025\u00a0<\/summary>\n<p style=\"margin-top:0;font-style:normal;font-weight:400\">La d\u00e9l\u00e9gation suisse se rend au Portugal en avion.<\/p>\n<\/details>\n\n\n\n<details class=\"wp-block-details alignwide is-layout-flow wp-block-details-is-layout-flow\"><summary>Dimanche, 20 juillet 2025<\/summary>\n<p style=\"margin-top:0;font-style:normal;font-weight:400\">H\u00e9bergement :\u00a0 Overnight at WOT Hostel Lisbon Patio\u00a0<\/p>\n\n\n\n<p style=\"margin-top:0;font-style:normal;font-weight:400\">Programme : Travel to Lisbon \/ Welcome Activity\u00a0<\/p>\n<\/details>\n\n\n\n<details class=\"wp-block-details alignwide is-layout-flow wp-block-details-is-layout-flow\"><summary>Lundi, 21 juillet 2025<\/summary>\n<p style=\"margin-top:0;font-style:normal;font-weight:400\">H\u00e9bergement :\u00a0Overnight at WOT Hostel Lisbon Patio\u00a0<\/p>\n\n\n\n<p style=\"margin-top:0;font-style:normal;font-weight:400\">Programmme : City tour in Lisbon \/ Special activities e.g Azulejo, Pastel de Nata\u00a0\u00a0<\/p>\n<\/details>\n\n\n\n<details class=\"wp-block-details alignwide is-layout-flow wp-block-details-is-layout-flow\"><summary>Mardi, 22 juillet 2025\u00a0<\/summary>\n<p style=\"margin-top:0;font-style:normal;font-weight:400\">H\u00e9bergement :\u00a0Overnight at \u00c9vora Camping in your own tents\u00a0<\/p>\n\n\n\n<p style=\"margin-top:0;font-style:normal;font-weight:400\">Programme : Hiking in subgroups along the rugged coast around Cabo da Roca<\/p>\n<\/details>\n\n\n\n<details class=\"wp-block-details alignwide is-layout-flow wp-block-details-is-layout-flow\"><summary>Mercredi, 23 juillet 2025\u00a0\u00a0<\/summary>\n<p style=\"margin-top:0;font-style:normal;font-weight:400\">H\u00e9bergement :\u00a0Overnight in Foz do Arelho, on the campsite, in your own tents<\/p>\n\n\n\n<p style=\"margin-top:0;font-style:normal;font-weight:400\">Programme : 3 workshops in subgroups:<\/p>\n\n\n\n<ul class=\"wp-block-list\">\n<li>Tour of the cork and prickly pear farm<\/li>\n\n\n\n<li>Cork processing in the factory&nbsp;<\/li>\n\n\n\n<li>Foxtrail \u00c9vora&nbsp;<\/li>\n<\/ul>\n<\/details>\n\n\n\n<details class=\"wp-block-details alignwide is-layout-flow wp-block-details-is-layout-flow\"><summary>Jeudi, 24. juillet 2025\u00a0\u00a0\u00a0<\/summary>\n<p style=\"margin-top:0;font-style:normal;font-weight:400\">H\u00e9bergement :\u00a0Overnight in Foz do Arelho, on the campsite, in your own tents<\/p>\n\n\n\n<p style=\"margin-top:0;font-style:normal;font-weight:400\">Programme : 5 workshops:<\/p>\n\n\n\n<ul class=\"wp-block-list\">\n<li>Kayaking: discovering \u00d3bidos Lagoon<\/li>\n\n\n\n<li>Hiking: trail with storytelling about the \u00d3bidos Lagoon&nbsp;&nbsp;<\/li>\n\n\n\n<li>Stand Up Paddle: in the \u00d3bidos Lagoon<\/li>\n\n\n\n<li>Waterbikes: experimental workshop<\/li>\n\n\n\n<li>Basket weaving with Nuno&nbsp;<\/li>\n<\/ul>\n<\/details>\n\n\n\n<p><\/p>\n<\/div>\n<\/div>\n<\/div>\n\n\n\n<p><\/p>\n\n\n\n<div class=\"wp-block-group alignwide has-global-padding is-layout-constrained wp-block-group-is-layout-constrained\">\n<div class=\"wp-block-columns alignwide is-layout-flex wp-container-core-columns-is-layout-9effc7d7 wp-block-columns-is-layout-flex\">\n<div class=\"wp-block-column is-layout-flow wp-block-column-is-layout-flow\" style=\"flex-basis:33.33%\">\n<p><strong>Moot<\/strong>&nbsp;<\/p>\n\n\n\n<p>Pendant le Moot, tou\u00b7te\u00b7s les participant\u00b7e\u00b7s font partie d&#8217;un groupe international, un Patrol, compos\u00e9 de dix personnes de diff\u00e9rentes r\u00e9gions et pays du monde. Les Patrols passent toute la dur\u00e9e du Moot ensemble, partagent un emplacement de camp et cuisinent ensemble. Les premiers jours, ils partent avec trois ou quatre autres Patrols sur ce que l&#8217;on appelle un \u00ab Path \u00bb. Apr\u00e8s cinq jours, tous se retrouvent au camp principal, pr\u00e8s de Porto.<\/p>\n\n\n\n<p><\/p>\n\n\n\n<p><\/p>\n<\/div>\n\n\n\n<div class=\"wp-block-column is-layout-flow wp-container-core-column-is-layout-a77db08e wp-block-column-is-layout-flow\" style=\"flex-basis:66.66%\">\n<div class=\"wp-block-group alignfull has-base-2-background-color has-background has-global-padding is-content-justification-center is-layout-constrained wp-container-core-group-is-layout-bb491d83 wp-block-group-is-layout-constrained\" style=\"border-style:none;border-width:0px;border-radius:25px;min-height:0px;margin-top:0;margin-bottom:0;padding-top:var(--wp--preset--spacing--40);padding-right:var(--wp--preset--spacing--50);padding-bottom:var(--wp--preset--spacing--40);padding-left:var(--wp--preset--spacing--50)\">\n<details class=\"wp-block-details alignwide is-layout-flow wp-block-details-is-layout-flow\" style=\"font-style:normal;font-weight:500\"><summary>C\u00e9r\u00e9monie d&#8217;ouverture: 25 juillet 2025<\/summary>\n<p style=\"margin-top:0;font-style:normal;font-weight:400\">Le Moot commence avec la c\u00e9r\u00e9monie d&#8217;ouverture officielle \u00e0 Lisbonne.<\/p>\n<\/details>\n\n\n\n<details class=\"wp-block-details alignwide is-layout-flow wp-block-details-is-layout-flow\" style=\"font-style:normal;font-weight:500\"><summary>Path: 25 &#8211; 29 juillet 2025\u00a0<\/summary>\n<p style=\"margin-top:0;font-style:normal;font-weight:400\">Les patrouilles passent la premi\u00e8re partie du Moot sur ce que l&#8217;on appelle un \u00ab Path \u00bb. Ceux-ci sont consacr\u00e9s aux th\u00e8mes suivants :<\/p>\n\n\n\n<ul class=\"wp-block-list\">\n<li>Politics &amp; society<\/li>\n\n\n\n<li>Nature &amp; adventure<\/li>\n\n\n\n<li>Life &amp; spirituality<\/li>\n\n\n\n<li>Culture &amp; art<\/li>\n<\/ul>\n<\/details>\n\n\n\n<details class=\"wp-block-details alignwide is-layout-flow wp-block-details-is-layout-flow\" style=\"font-style:normal;font-weight:500\"><summary>Camp principal: 30 juillet &#8211; 3 ao\u00fbt 2025\u00a0<\/summary>\n<p style=\"margin-top:0;font-style:normal;font-weight:400\">Le camp principal se d\u00e9roule pr\u00e8s de Porto, sur un terrain de camp commun. Les participant\u00b7e\u00b7s y retrouveront l&#8217;ambiance d&#8217;un camp scout international, avec plein d&#8217;opportunit\u00e9s de faire des rencontres et de d\u00e9couvrir les traditions portugaises.<\/p>\n<\/details>\n\n\n\n<details class=\"wp-block-details alignwide is-style-default is-layout-flow wp-container-core-details-is-layout-8a368f38 wp-block-details-is-layout-flow\" style=\"border-style:none;border-width:0px\"><summary>Voyage de retour: 4 ao\u00fbt 2025<\/summary>\n<p style=\"margin-top:0;font-style:normal;font-weight:400\">La d\u00e9l\u00e9gation suisse rentre ensemble en avion.&nbsp;<\/p>\n<\/details>\n<\/div>\n<\/div>\n<\/div>\n<\/div>\n\n\n\n<p><\/p>\n","protected":false},"excerpt":{"rendered":"<p>Programme Le Moot offre un programme vari\u00e9 !&nbsp;Pendant le pr\u00e9programme, la d\u00e9l\u00e9gation suisse apprend \u00e0 se conna\u00eetre et pr\u00e9pare le Moot ensemble.&nbsp;Chacun\u00b7e est actif\u00b7ve dans l\u2019organisation du Moot, mais c\u2019est toi qui d\u00e9cides comment tu souhaites t\u2019investir. Tu peux choisir parmi les projets propos\u00e9s par la d\u00e9l\u00e9gation, ou amener ta propre id\u00e9e. Pr\u00e9programme&nbsp; Tou\u00b7te\u00b7s les [&hellip;]<\/p>\n","protected":false},"author":1,"featured_media":652,"parent":0,"menu_order":1,"comment_status":"closed","ping_status":"closed","template":"page-no-title","meta":{"footnotes":""},"class_list":["post-448","page","type-page","status-publish","has-post-thumbnail","hentry"],"lang":"fr","translations":{"fr":448,"it":434,"de":47},"pll_sync_post":[],"_links":{"self":[{"href":"https:\/\/www.moot.ch\/2025\/wp-json\/wp\/v2\/pages\/448","targetHints":{"allow":["GET"]}}],"collection":[{"href":"https:\/\/www.moot.ch\/2025\/wp-json\/wp\/v2\/pages"}],"about":[{"href":"https:\/\/www.moot.ch\/2025\/wp-json\/wp\/v2\/types\/page"}],"author":[{"embeddable":true,"href":"https:\/\/www.moot.ch\/2025\/wp-json\/wp\/v2\/users\/1"}],"replies":[{"embeddable":true,"href":"https:\/\/www.moot.ch\/2025\/wp-json\/wp\/v2\/comments?post=448"}],"version-history":[{"count":21,"href":"https:\/\/www.moot.ch\/2025\/wp-json\/wp\/v2\/pages\/448\/revisions"}],"predecessor-version":[{"id":962,"href":"https:\/\/www.moot.ch\/2025\/wp-json\/wp\/v2\/pages\/448\/revisions\/962"}],"wp:featuredmedia":[{"embeddable":true,"href":"https:\/\/www.moot.ch\/2025\/wp-json\/wp\/v2\/media\/652"}],"wp:attachment":[{"href":"https:\/\/www.moot.ch\/2025\/wp-json\/wp\/v2\/media?parent=448"}],"curies":[{"name":"wp","href":"https:\/\/api.w.org\/{rel}","templated":true}]}}