{"id":451,"date":"2024-04-03T17:31:15","date_gmt":"2024-04-03T17:31:15","guid":{"rendered":"https:\/\/www.moot.ch\/2025\/?page_id=451"},"modified":"2024-09-05T15:34:14","modified_gmt":"2024-09-05T15:34:14","slug":"couts","status":"publish","type":"page","link":"https:\/\/www.moot.ch\/2025\/fr\/couts\/","title":{"rendered":"Co\u00fbts\u00a0"},"content":{"rendered":"\n<div class=\"wp-block-columns alignwide is-layout-flex wp-container-core-columns-is-layout-7fc3d43a wp-block-columns-is-layout-flex\">\n<div class=\"wp-block-column is-layout-flow wp-block-column-is-layout-flow\">\n<h2 class=\"wp-block-heading\">Co\u00fbts\u00a0<\/h2>\n\n\n\n<p><strong>La d\u00e9l\u00e9gation suisse se rend ensemble au Portugal, y passe un pr\u00e9-camp inoubliable et rentre ensemble au pays apr\u00e8s le Moot. Les participant\u00b7e\u00b7s re\u00e7oivent un paquet global et ne doivent pas s&#8217;occuper du voyage, de l&#8217;h\u00e9bergement ou de la nourriture.<\/strong> <strong>Pour les b\u00e9n\u00e9voles (IST), les frais de participation sont r\u00e9duits de 200 francs, car ils ne suivent pas de \u00ab\u00a0Path\u00a0\u00bb.<\/strong><\/p>\n\n\n\n<div style=\"height:100px\" aria-hidden=\"true\" class=\"wp-block-spacer\"><\/div>\n<\/div>\n<\/div>\n\n\n\n<div class=\"wp-block-columns alignwide is-layout-flex wp-container-core-columns-is-layout-7fc3d43a wp-block-columns-is-layout-flex\">\n<div class=\"wp-block-column is-layout-flow wp-block-column-is-layout-flow\" style=\"flex-basis:33.33%\">\n<p>Si quelqu&#8217;un\u00b7e souhaite arriver et repartir seul ou ne pas participer au pr\u00e9-camp, c&#8217;est possible. Mais n&#8217;oublie pas que les frais de voyage avant et apr\u00e8s le Moot seront \u00e9lev\u00e9s en raison de la demande.<\/p>\n\n\n\n<p>Des informations sur les diff\u00e9rents points du programme sont disponibles <a href=\"https:\/\/www.moot.ch\/2025\/fr\/programme\/\" data-type=\"page\" data-id=\"448\">ici<\/a>.&nbsp;<\/p>\n\n\n\n<p><\/p>\n\n\n\n<p><strong>Soutien financier<\/strong><\/p>\n\n\n\n<p>Personne ne doit rester \u00e0 la maison pour des raisons financi\u00e8res ! Si la contribution au camp constitue un obstacle pour toi, contacte <a href=\"mailto:info@moot.ch\">info@moot.ch<\/a>. Dans un premier temps, nous verrons si nous pouvons adapter les paiements \u00e9chelonn\u00e9s de mani\u00e8re \u00e0 faire baisser la pression financi\u00e8re. Si c&#8217;est insuffisant, il est possible que l&#8217;association MoJaVe apporte un soutien financier.<\/p>\n<\/div>\n\n\n\n<div class=\"wp-block-column table-wrapper is-layout-flow wp-block-column-is-layout-flow\" style=\"flex-basis:66.66%\">\n<figure class=\"wp-block-table alignwide is-style-stripes responsive-table\"><table><thead><tr><th class=\"has-text-align-left\" data-align=\"left\">Option<\/th><th class=\"has-text-align-center\" data-align=\"center\">A*<\/th><th class=\"has-text-align-center\" data-align=\"center\">B<\/th><th class=\"has-text-align-center\" data-align=\"center\">C<\/th><\/tr><\/thead><tbody><tr><td class=\"has-text-align-left\" data-align=\"left\">Voyage aller<\/td><td class=\"has-text-align-center\" data-align=\"center\">\u2714\ufe0f<\/td><td class=\"has-text-align-center\" data-align=\"center\"><\/td><td class=\"has-text-align-center\" data-align=\"center\"><\/td><\/tr><tr><td class=\"has-text-align-left\" data-align=\"left\">Pr\u00e9-camp<\/td><td class=\"has-text-align-center\" data-align=\"center\">\u2714\ufe0f<\/td><td class=\"has-text-align-center\" data-align=\"center\">\u2714\ufe0f<\/td><td class=\"has-text-align-center\" data-align=\"center\"><\/td><\/tr><tr><td class=\"has-text-align-left\" data-align=\"left\">Moot&nbsp;<\/td><td class=\"has-text-align-center\" data-align=\"center\">\u2714\ufe0f<\/td><td class=\"has-text-align-center\" data-align=\"center\">\u2714\ufe0f<\/td><td class=\"has-text-align-center\" data-align=\"center\">\u2714\ufe0f<\/td><\/tr><tr><td class=\"has-text-align-left\" data-align=\"left\">Voyage retour&nbsp;<\/td><td class=\"has-text-align-center\" data-align=\"center\">\u2714\ufe0f<\/td><td class=\"has-text-align-center\" data-align=\"center\"><\/td><td class=\"has-text-align-center\" data-align=\"center\"><\/td><\/tr><\/tbody><tfoot><tr><td class=\"has-text-align-left\" data-align=\"left\">Frais participants&nbsp;<br>Frais b\u00e9n\u00e9voles (IST)&nbsp;<\/td><td class=\"has-text-align-center\" data-align=\"center\">2900.-<br>2700.-<\/td><td class=\"has-text-align-center\" data-align=\"center\">2350.-<br>2150.-<\/td><td class=\"has-text-align-center\" data-align=\"center\">1750.-<br>1550.-<\/td><\/tr><\/tfoot><\/table><figcaption class=\"wp-element-caption\">Prix en CHF. Sous r\u00e9serve de modifications. <br><br>*Si tu souhaites prolonger ton s\u00e9jour au Portugal et arriver plus t\u00f4t ou partir plus tard, contacte\u00a0<a href=\"mailto:info@moot.ch\"><u>info@moot.ch.<\/u><\/a><br><br><\/figcaption><\/figure>\n<\/div>\n<\/div>\n","protected":false},"excerpt":{"rendered":"<p>Co\u00fbts\u00a0 La d\u00e9l\u00e9gation suisse se rend ensemble au Portugal, y passe un pr\u00e9-camp inoubliable et rentre ensemble au pays apr\u00e8s le Moot. Les participant\u00b7e\u00b7s re\u00e7oivent un paquet global et ne doivent pas s&#8217;occuper du voyage, de l&#8217;h\u00e9bergement ou de la nourriture. Pour les b\u00e9n\u00e9voles (IST), les frais de participation sont r\u00e9duits de 200 francs, car [&hellip;]<\/p>\n","protected":false},"author":1,"featured_media":657,"parent":0,"menu_order":2,"comment_status":"closed","ping_status":"closed","template":"page-no-title","meta":{"footnotes":""},"class_list":["post-451","page","type-page","status-publish","has-post-thumbnail","hentry"],"lang":"fr","translations":{"fr":451,"it":431,"de":167},"pll_sync_post":[],"_links":{"self":[{"href":"https:\/\/www.moot.ch\/2025\/wp-json\/wp\/v2\/pages\/451","targetHints":{"allow":["GET"]}}],"collection":[{"href":"https:\/\/www.moot.ch\/2025\/wp-json\/wp\/v2\/pages"}],"about":[{"href":"https:\/\/www.moot.ch\/2025\/wp-json\/wp\/v2\/types\/page"}],"author":[{"embeddable":true,"href":"https:\/\/www.moot.ch\/2025\/wp-json\/wp\/v2\/users\/1"}],"replies":[{"embeddable":true,"href":"https:\/\/www.moot.ch\/2025\/wp-json\/wp\/v2\/comments?post=451"}],"version-history":[{"count":12,"href":"https:\/\/www.moot.ch\/2025\/wp-json\/wp\/v2\/pages\/451\/revisions"}],"predecessor-version":[{"id":852,"href":"https:\/\/www.moot.ch\/2025\/wp-json\/wp\/v2\/pages\/451\/revisions\/852"}],"wp:featuredmedia":[{"embeddable":true,"href":"https:\/\/www.moot.ch\/2025\/wp-json\/wp\/v2\/media\/657"}],"wp:attachment":[{"href":"https:\/\/www.moot.ch\/2025\/wp-json\/wp\/v2\/media?parent=451"}],"curies":[{"name":"wp","href":"https:\/\/api.w.org\/{rel}","templated":true}]}}