{"id":759,"date":"2024-07-12T14:58:10","date_gmt":"2024-07-12T14:58:10","guid":{"rendered":"https:\/\/www.moot.ch\/2025\/?page_id=759"},"modified":"2025-07-06T09:47:31","modified_gmt":"2025-07-06T09:47:31","slug":"moot-info-fr","status":"publish","type":"page","link":"https:\/\/www.moot.ch\/2025\/fr\/moot-info-fr\/","title":{"rendered":"Moot-Info"},"content":{"rendered":"\n<p>Ici, tu trouveras toutes d&#8217;importantes informations actuelles sur le Moot en un seul endroit.<\/p>\n\n\n\n<div class=\"wp-block-group has-base-2-background-color has-background is-vertical is-layout-flex wp-container-core-group-is-layout-18658df2 wp-block-group-is-layout-flex\" style=\"border-style:none;border-width:0px;border-radius:18px;margin-top:var(--wp--preset--spacing--40);padding-top:var(--wp--preset--spacing--30);padding-right:var(--wp--preset--spacing--30);padding-bottom:var(--wp--preset--spacing--30);padding-left:var(--wp--preset--spacing--30)\">\n<h2 class=\"wp-block-heading\">Liens importants<\/h2>\n\n\n\n<div class=\"wp-block-buttons is-layout-flex wp-container-core-buttons-is-layout-6f59021e wp-block-buttons-is-layout-flex\" style=\"margin-top:0;margin-bottom:0\">\n<div class=\"wp-block-button\"><a class=\"wp-block-button__link wp-element-button\" href=\"https:\/\/forms.gle\/8ZfjcESEs9TvaADS6\">Formulaire de frais<\/a><\/div>\n<\/div>\n<\/div>\n\n\n\n<h2 class=\"wp-block-heading\" style=\"margin-top:var(--wp--preset--spacing--50)\">Juillet 2025<\/h2>\n\n\n\n<div class=\"wp-block-group alignwide has-global-padding is-layout-constrained wp-block-group-is-layout-constrained\">\n<div data-wp-interactive=\"core\/file\" class=\"wp-block-file\" style=\"padding-top:0;padding-bottom:0\"><object data-wp-bind--hidden=\"!state.hasPdfPreview\" hidden class=\"wp-block-file__embed\" data=\"https:\/\/www.moot.ch\/2025\/wp-content\/uploads\/2025\/07\/Moot-Info_Juillet_2025_FR.pdf\" type=\"application\/pdf\" style=\"width:100%;height:600px\" aria-label=\"Einbettung von Moot-Info_Juillet_2025_FR.\"><\/object><a id=\"wp-block-file--media-8d86b786-059d-4130-a8bd-7085f8b8733c\" href=\"https:\/\/www.moot.ch\/2025\/wp-content\/uploads\/2025\/07\/Moot-Info_Juillet_2025_FR.pdf\">Moot-Info_Juillet_2025_FR<\/a><a href=\"https:\/\/www.moot.ch\/2025\/wp-content\/uploads\/2025\/07\/Moot-Info_Juillet_2025_FR.pdf\" class=\"wp-block-file__button wp-element-button\" download aria-describedby=\"wp-block-file--media-8d86b786-059d-4130-a8bd-7085f8b8733c\">T\u00e9l\u00e9charger<\/a><\/div>\n<\/div>\n\n\n\n<h2 class=\"wp-block-heading\" style=\"margin-top:var(--wp--preset--spacing--50)\">Mai 2025 \/ 2<\/h2>\n\n\n\n<div class=\"wp-block-group alignwide has-global-padding is-layout-constrained wp-block-group-is-layout-constrained\">\n<div data-wp-interactive=\"core\/file\" class=\"wp-block-file\" style=\"padding-top:0;padding-bottom:0\"><object data-wp-bind--hidden=\"!state.hasPdfPreview\" hidden class=\"wp-block-file__embed\" data=\"https:\/\/www.moot.ch\/2025\/wp-content\/uploads\/2025\/05\/Moot-Info_Mai-2025-2-_FR.pdf\" type=\"application\/pdf\" style=\"width:100%;height:600px\" aria-label=\"Einbettung von Moot-Info_Mai 2025 : 2 _FR.\"><\/object><a id=\"wp-block-file--media-fd2c6800-63fa-4f52-b44e-731a2dc44db1\" href=\"https:\/\/www.moot.ch\/2025\/wp-content\/uploads\/2025\/05\/Moot-Info_Mai-2025-2-_FR.pdf\">Moot-Info_Mai 2025 : 2 _FR<\/a><a href=\"https:\/\/www.moot.ch\/2025\/wp-content\/uploads\/2025\/05\/Moot-Info_Mai-2025-2-_FR.pdf\" class=\"wp-block-file__button wp-element-button\" download aria-describedby=\"wp-block-file--media-fd2c6800-63fa-4f52-b44e-731a2dc44db1\">T\u00e9l\u00e9charger<\/a><\/div>\n<\/div>\n\n\n\n<h2 class=\"wp-block-heading\" style=\"margin-top:var(--wp--preset--spacing--50)\">Week-end de pr\u00e9paration<\/h2>\n\n\n\n<p>Anglais<\/p>\n\n\n\n<div data-wp-interactive=\"core\/file\" class=\"wp-block-file\" style=\"padding-top:0;padding-bottom:0\"><object data-wp-bind--hidden=\"!state.hasPdfPreview\" hidden class=\"wp-block-file__embed\" data=\"https:\/\/www.moot.ch\/2025\/wp-content\/uploads\/2025\/05\/Prepweekend-en-2-2.pdf\" type=\"application\/pdf\" style=\"width:100%;height:410px\" aria-label=\"Einbettung von Prepweekend en.\"><\/object><a id=\"wp-block-file--media-8598449f-038a-4137-9bc2-f1d5a9bbe392\" href=\"https:\/\/www.moot.ch\/2025\/wp-content\/uploads\/2025\/05\/Prepweekend-en-2-2.pdf\">Prepweekend en<\/a><a href=\"https:\/\/www.moot.ch\/2025\/wp-content\/uploads\/2025\/05\/Prepweekend-en-2-2.pdf\" class=\"wp-block-file__button wp-element-button\" download aria-describedby=\"wp-block-file--media-8598449f-038a-4137-9bc2-f1d5a9bbe392\">T\u00e9l\u00e9charger<\/a><\/div>\n\n\n\n<p>Fran\u00e7ais (traduction automatique)<\/p>\n\n\n\n<div data-wp-interactive=\"core\/file\" class=\"wp-block-file\" style=\"padding-top:0;padding-bottom:0\"><object data-wp-bind--hidden=\"!state.hasPdfPreview\" hidden class=\"wp-block-file__embed\" data=\"https:\/\/www.moot.ch\/2025\/wp-content\/uploads\/2025\/05\/Prepweekend-fr-2.pdf\" type=\"application\/pdf\" style=\"width:100%;height:410px\" aria-label=\"Einbettung von Prepweekend fr.\"><\/object><a id=\"wp-block-file--media-2bf94075-7f69-4913-afbb-96ed79863009\" href=\"https:\/\/www.moot.ch\/2025\/wp-content\/uploads\/2025\/05\/Prepweekend-fr-2.pdf\">Prepweekend fr<\/a><a href=\"https:\/\/www.moot.ch\/2025\/wp-content\/uploads\/2025\/05\/Prepweekend-fr-2.pdf\" class=\"wp-block-file__button wp-element-button\" download aria-describedby=\"wp-block-file--media-2bf94075-7f69-4913-afbb-96ed79863009\">T\u00e9l\u00e9charger<\/a><\/div>\n\n\n\n<h2 class=\"wp-block-heading\" style=\"margin-top:var(--wp--preset--spacing--50)\">Mai 2025<\/h2>\n\n\n\n<div class=\"wp-block-group alignwide has-global-padding is-layout-constrained wp-block-group-is-layout-constrained\">\n<div data-wp-interactive=\"core\/file\" class=\"wp-block-file\" style=\"padding-top:0;padding-bottom:0\"><object data-wp-bind--hidden=\"!state.hasPdfPreview\" hidden class=\"wp-block-file__embed\" data=\"https:\/\/www.moot.ch\/2025\/wp-content\/uploads\/2025\/05\/Moot-Info-Mai-2025-1.pdf\" type=\"application\/pdf\" style=\"width:100%;height:600px\" aria-label=\"Einbettung von Moot-Info Mai 2025.\"><\/object><a id=\"wp-block-file--media-b40990e4-9f5e-48b5-a3a5-bf2ef6b44617\" href=\"https:\/\/www.moot.ch\/2025\/wp-content\/uploads\/2025\/05\/Moot-Info-Mai-2025-1.pdf\">Moot-Info Mai 2025<\/a><a href=\"https:\/\/www.moot.ch\/2025\/wp-content\/uploads\/2025\/05\/Moot-Info-Mai-2025-1.pdf\" class=\"wp-block-file__button wp-element-button\" download aria-describedby=\"wp-block-file--media-b40990e4-9f5e-48b5-a3a5-bf2ef6b44617\">T\u00e9l\u00e9charger<\/a><\/div>\n<\/div>\n\n\n\n<h2 class=\"wp-block-heading\" style=\"margin-top:var(--wp--preset--spacing--50)\">Mars 2025<\/h2>\n\n\n\n<div class=\"wp-block-group alignwide has-global-padding is-layout-constrained wp-block-group-is-layout-constrained\">\n<div data-wp-interactive=\"core\/file\" class=\"wp-block-file\" style=\"padding-top:0;padding-bottom:0\"><object data-wp-bind--hidden=\"!state.hasPdfPreview\" hidden class=\"wp-block-file__embed\" data=\"https:\/\/www.moot.ch\/2025\/wp-content\/uploads\/2025\/03\/Moot-Info-mars-2025.pdf\" type=\"application\/pdf\" style=\"width:100%;height:600px\" aria-label=\"Einbettung von Moot-Info mars 2025.\"><\/object><a id=\"wp-block-file--media-f6dd00c1-d64e-4f83-af58-154b4d9d8dbd\" href=\"https:\/\/www.moot.ch\/2025\/wp-content\/uploads\/2025\/03\/Moot-Info-mars-2025.pdf\">Moot-Info mars 2025<\/a><a href=\"https:\/\/www.moot.ch\/2025\/wp-content\/uploads\/2025\/03\/Moot-Info-mars-2025.pdf\" class=\"wp-block-file__button wp-element-button\" download aria-describedby=\"wp-block-file--media-f6dd00c1-d64e-4f83-af58-154b4d9d8dbd\">T\u00e9l\u00e9charger<\/a><\/div>\n<\/div>\n\n\n\n<h2 class=\"wp-block-heading\" style=\"margin-top:var(--wp--preset--spacing--50)\">D\u00e9cembre 2024<\/h2>\n\n\n\n<div class=\"wp-block-group alignwide has-global-padding is-layout-constrained wp-block-group-is-layout-constrained\">\n<div data-wp-interactive=\"core\/file\" class=\"wp-block-file\" style=\"padding-top:0;padding-bottom:0\"><object data-wp-bind--hidden=\"!state.hasPdfPreview\" hidden class=\"wp-block-file__embed\" data=\"https:\/\/www.moot.ch\/2025\/wp-content\/uploads\/2024\/12\/Campaign_9.pdf\" type=\"application\/pdf\" style=\"width:100%;height:600px\" aria-label=\"Einbettung von Moot-Info d\u00e9cembre 2024.\"><\/object><a id=\"wp-block-file--media-8b9d836f-33f3-40a3-a350-f5055efc8305\" href=\"https:\/\/www.moot.ch\/2025\/wp-content\/uploads\/2024\/12\/Campaign_9.pdf\">Moot-Info d\u00e9cembre 2024<\/a><a href=\"https:\/\/www.moot.ch\/2025\/wp-content\/uploads\/2024\/12\/Campaign_9.pdf\" class=\"wp-block-file__button wp-element-button\" download aria-describedby=\"wp-block-file--media-8b9d836f-33f3-40a3-a350-f5055efc8305\">T\u00e9l\u00e9charger<\/a><\/div>\n<\/div>\n\n\n\n<h2 class=\"wp-block-heading\" style=\"margin-top:var(--wp--preset--spacing--50)\">Journ\u00e9e de pr\u00e9paration<\/h2>\n\n\n\n<div data-wp-interactive=\"core\/file\" class=\"wp-block-file\"><object data-wp-bind--hidden=\"!state.hasPdfPreview\" hidden class=\"wp-block-file__embed\" data=\"https:\/\/www.moot.ch\/2025\/wp-content\/uploads\/2024\/11\/Preparation-day.pdf\" type=\"application\/pdf\" style=\"width:100%;height:410px\" aria-label=\"Einbettung von Preparation day.\"><\/object><a id=\"wp-block-file--media-8875261d-3ebe-473d-a3ff-63d3e8e0e1b8\" href=\"https:\/\/www.moot.ch\/2025\/wp-content\/uploads\/2024\/11\/Preparation-day.pdf\">Preparation day<\/a><a href=\"https:\/\/www.moot.ch\/2025\/wp-content\/uploads\/2024\/11\/Preparation-day.pdf\" class=\"wp-block-file__button wp-element-button\" download aria-describedby=\"wp-block-file--media-8875261d-3ebe-473d-a3ff-63d3e8e0e1b8\">T\u00e9l\u00e9charger<\/a><\/div>\n\n\n\n<div data-wp-interactive=\"core\/file\" class=\"wp-block-file\" style=\"margin-top:var(--wp--preset--spacing--40)\"><object data-wp-bind--hidden=\"!state.hasPdfPreview\" hidden class=\"wp-block-file__embed\" data=\"https:\/\/www.moot.ch\/2025\/wp-content\/uploads\/2024\/11\/QandA.pdf\" type=\"application\/pdf\" style=\"width:100%;height:410px\" aria-label=\"Einbettung von QandA.\"><\/object><a id=\"wp-block-file--media-0f8b29f6-94b4-4442-9e34-10e62160a815\" href=\"https:\/\/www.moot.ch\/2025\/wp-content\/uploads\/2024\/11\/QandA.pdf\">QandA<\/a><a href=\"https:\/\/www.moot.ch\/2025\/wp-content\/uploads\/2024\/11\/QandA.pdf\" class=\"wp-block-file__button wp-element-button\" download aria-describedby=\"wp-block-file--media-0f8b29f6-94b4-4442-9e34-10e62160a815\">T\u00e9l\u00e9charger<\/a><\/div>\n\n\n\n<h2 class=\"wp-block-heading\" style=\"margin-top:var(--wp--preset--spacing--50);margin-bottom:0\">Juillet 2024<\/h2>\n\n\n\n<div class=\"wp-block-group alignwide has-global-padding is-layout-constrained wp-block-group-is-layout-constrained\">\n<div data-wp-interactive=\"core\/file\" class=\"wp-block-file\" style=\"padding-top:0;padding-bottom:0\"><object data-wp-bind--hidden=\"!state.hasPdfPreview\" hidden class=\"wp-block-file__embed\" data=\"https:\/\/www.moot.ch\/2025\/wp-content\/uploads\/2024\/07\/Campaign_2.pdf\" type=\"application\/pdf\" style=\"width:100%;height:900px\" aria-label=\"Einbettung von Moot-Info Juillet 2024.\"><\/object><a id=\"wp-block-file--media-75e934db-4234-43f3-ac20-1ffc8cccffcc\" href=\"https:\/\/www.moot.ch\/2025\/wp-content\/uploads\/2024\/07\/Campaign_2.pdf\">Moot-Info Juillet 2024<\/a><a href=\"https:\/\/www.moot.ch\/2025\/wp-content\/uploads\/2024\/07\/Campaign_2.pdf\" class=\"wp-block-file__button wp-element-button\" download aria-describedby=\"wp-block-file--media-75e934db-4234-43f3-ac20-1ffc8cccffcc\">T\u00e9l\u00e9charger<\/a><\/div>\n<\/div>\n","protected":false},"excerpt":{"rendered":"<p>Ici, tu trouveras toutes d&#8217;importantes informations actuelles sur le Moot en un seul endroit. Liens importants Juillet 2025 Mai 2025 \/ 2 Week-end de pr\u00e9paration Anglais Fran\u00e7ais (traduction automatique) Mai 2025 Mars 2025 D\u00e9cembre 2024 Journ\u00e9e de pr\u00e9paration Juillet 2024<\/p>\n","protected":false},"author":1,"featured_media":0,"parent":0,"menu_order":0,"comment_status":"closed","ping_status":"closed","template":"","meta":{"footnotes":""},"class_list":["post-759","page","type-page","status-publish","hentry"],"lang":"fr","translations":{"fr":759,"de":751,"it":762},"pll_sync_post":[],"_links":{"self":[{"href":"https:\/\/www.moot.ch\/2025\/wp-json\/wp\/v2\/pages\/759","targetHints":{"allow":["GET"]}}],"collection":[{"href":"https:\/\/www.moot.ch\/2025\/wp-json\/wp\/v2\/pages"}],"about":[{"href":"https:\/\/www.moot.ch\/2025\/wp-json\/wp\/v2\/types\/page"}],"author":[{"embeddable":true,"href":"https:\/\/www.moot.ch\/2025\/wp-json\/wp\/v2\/users\/1"}],"replies":[{"embeddable":true,"href":"https:\/\/www.moot.ch\/2025\/wp-json\/wp\/v2\/comments?post=759"}],"version-history":[{"count":14,"href":"https:\/\/www.moot.ch\/2025\/wp-json\/wp\/v2\/pages\/759\/revisions"}],"predecessor-version":[{"id":1081,"href":"https:\/\/www.moot.ch\/2025\/wp-json\/wp\/v2\/pages\/759\/revisions\/1081"}],"wp:attachment":[{"href":"https:\/\/www.moot.ch\/2025\/wp-json\/wp\/v2\/media?parent=759"}],"curies":[{"name":"wp","href":"https:\/\/api.w.org\/{rel}","templated":true}]}}